{"id":6055,"date":"2024-02-07T08:48:34","date_gmt":"2024-02-07T08:48:34","guid":{"rendered":"https:\/\/wpachem.com\/?post_type=product&#038;p=6055"},"modified":"2024-02-19T02:31:07","modified_gmt":"2024-02-19T02:31:07","slug":"beetroot-red-color-cas-7659-95-2","status":"publish","type":"product","link":"https:\/\/wpachem.com\/es\/producto\/beetroot-red-color-cas-7659-95-2\/","title":{"rendered":"Colorante alimentario natural Remolacha Color rojo CAS 7659-95-2"},"content":{"rendered":"<p><strong>Caracter\u00edstica<\/strong><\/p>\n<p>El pigmento rojo de remolacha es un pigmento natural formado por extracci\u00f3n, separaci\u00f3n, concentraci\u00f3n y secado de remolacha roja comestible como materia prima. El componente principal es la antocianina de remolacha. El rojo remolacha es un l\u00edquido de color rojo p\u00farpura a p\u00farpura intenso, en forma de polvo, f\u00e1cilmente soluble en agua, soluci\u00f3n acuosa que muestra un color brillante de rojo a p\u00farpura.<\/p>\n<p><strong>Solicitud:<\/strong><\/p>\n<p>Se puede utilizar para colorear bebidas fr\u00edas, l\u00e1cteos, frutas y alimentos que no necesitan calentarse, no aptos para bebidas, etc., como colorante rojo violeta.<br \/>\nColorante alimentario natural de color p\u00farpura rojizo.<\/p>","protected":false},"excerpt":{"rendered":"<p>Nombre del producto: Color rojo Monascus<\/p>\n<p>Frecuencia intermedia: C22H20O13<\/p>\n<p>CAS\uff1a1390-65-4<\/p>\n<p>Apariencia: Pasta o polvo de color rojo a morado<\/p>","protected":false},"featured_media":3710,"template":"","meta":{"_acf_changed":false,"_gspb_post_css":""},"product_brand":[],"product_cat":[120],"product_tag":[],"class_list":{"0":"post-6055","1":"product","2":"type-product","3":"status-publish","4":"has-post-thumbnail","6":"product_cat-food-colorants","8":"first","9":"instock","10":"shipping-taxable","11":"product-type-simple"},"acf":[],"_links":{"self":[{"href":"https:\/\/wpachem.com\/es\/wp-json\/wp\/v2\/product\/6055","targetHints":{"allow":["GET"]}}],"collection":[{"href":"https:\/\/wpachem.com\/es\/wp-json\/wp\/v2\/product"}],"about":[{"href":"https:\/\/wpachem.com\/es\/wp-json\/wp\/v2\/types\/product"}],"version-history":[{"count":0,"href":"https:\/\/wpachem.com\/es\/wp-json\/wp\/v2\/product\/6055\/revisions"}],"wp:featuredmedia":[{"embeddable":true,"href":"https:\/\/wpachem.com\/es\/wp-json\/wp\/v2\/media\/3710"}],"wp:attachment":[{"href":"https:\/\/wpachem.com\/es\/wp-json\/wp\/v2\/media?parent=6055"}],"wp:term":[{"taxonomy":"product_brand","embeddable":true,"href":"https:\/\/wpachem.com\/es\/wp-json\/wp\/v2\/product_brand?post=6055"},{"taxonomy":"product_cat","embeddable":true,"href":"https:\/\/wpachem.com\/es\/wp-json\/wp\/v2\/product_cat?post=6055"},{"taxonomy":"product_tag","embeddable":true,"href":"https:\/\/wpachem.com\/es\/wp-json\/wp\/v2\/product_tag?post=6055"}],"curies":[{"name":"wp","href":"https:\/\/api.w.org\/{rel}","templated":true}]}}