{"id":6057,"date":"2024-02-07T09:26:42","date_gmt":"2024-02-07T09:26:42","guid":{"rendered":"https:\/\/wpachem.com\/?post_type=product&#038;p=6057"},"modified":"2024-02-19T02:30:58","modified_gmt":"2024-02-19T02:30:58","slug":"paprika-oleoresin-cas-465-42-9","status":"publish","type":"product","link":"https:\/\/wpachem.com\/es\/producto\/paprika-oleoresin-cas-465-42-9\/","title":{"rendered":"Colorante alimentario natural Oleorresina de piment\u00f3n CAS 465-42-9"},"content":{"rendered":"<p><strong>Caracter\u00edstica<\/strong><\/p>\n<p>Polvo rojo intenso, color brillante, fuerte poder colorante, buena resistencia a la luz y el producto tiene las caracter\u00edsticas de resistencia al calor, \u00e1cido, \u00e1lcali y no se ve afectado por iones met\u00e1licos, soluble en grasa, etanol, etc., con alta pureza, bajos residuos solubles, bajos iones met\u00e1licos, menos impurezas, sin sabor picante<\/p>\n<p><strong>Solicitud:<\/strong><\/p>\n<ol>\n<li>Se puede utilizar ampliamente en alimentos, productos de salud, medicamentos, alimentos cosm\u00e9ticos y otras industrias, son fideos instant\u00e1neos, platos, productos acu\u00e1ticos, carne, pasteles, aceite de ensalada, crema, jugo, bebidas, productos de nutrici\u00f3n y salud, l\u00e1piz labial de alta gama y otros productos el agente colorante m\u00e1s ideal.<\/li>\n<li>Se puede utilizar como jugo de frutas, bebida, vino mezclado, helado, dulces, relleno de galletas, pasteles, pan, encurtidos, condimentos, pan plano, comida frita, cereales de desayuno instant\u00e1neos inflados y otros colorantes alimentarios.<\/li>\n<\/ol>","protected":false},"excerpt":{"rendered":"<p>Nombre del producto: Oleorresina de piment\u00f3n<\/p>\n<p>Frecuencia intermedia: C22H20O13<\/p>\n<p>CAS: 465-42-9<\/p>\n<p>Aspecto: Polvo rojo intenso<\/p>","protected":false},"featured_media":3710,"template":"","meta":{"_acf_changed":false,"_gspb_post_css":""},"product_brand":[],"product_cat":[120],"product_tag":[],"class_list":{"0":"post-6057","1":"product","2":"type-product","3":"status-publish","4":"has-post-thumbnail","6":"product_cat-food-colorants","8":"first","9":"instock","10":"shipping-taxable","11":"product-type-simple"},"acf":[],"_links":{"self":[{"href":"https:\/\/wpachem.com\/es\/wp-json\/wp\/v2\/product\/6057","targetHints":{"allow":["GET"]}}],"collection":[{"href":"https:\/\/wpachem.com\/es\/wp-json\/wp\/v2\/product"}],"about":[{"href":"https:\/\/wpachem.com\/es\/wp-json\/wp\/v2\/types\/product"}],"version-history":[{"count":0,"href":"https:\/\/wpachem.com\/es\/wp-json\/wp\/v2\/product\/6057\/revisions"}],"wp:featuredmedia":[{"embeddable":true,"href":"https:\/\/wpachem.com\/es\/wp-json\/wp\/v2\/media\/3710"}],"wp:attachment":[{"href":"https:\/\/wpachem.com\/es\/wp-json\/wp\/v2\/media?parent=6057"}],"wp:term":[{"taxonomy":"product_brand","embeddable":true,"href":"https:\/\/wpachem.com\/es\/wp-json\/wp\/v2\/product_brand?post=6057"},{"taxonomy":"product_cat","embeddable":true,"href":"https:\/\/wpachem.com\/es\/wp-json\/wp\/v2\/product_cat?post=6057"},{"taxonomy":"product_tag","embeddable":true,"href":"https:\/\/wpachem.com\/es\/wp-json\/wp\/v2\/product_tag?post=6057"}],"curies":[{"name":"wp","href":"https:\/\/api.w.org\/{rel}","templated":true}]}}