{"id":6060,"date":"2024-02-07T09:29:24","date_gmt":"2024-02-07T09:29:24","guid":{"rendered":"https:\/\/wpachem.com\/?post_type=product&#038;p=6060"},"modified":"2024-02-07T09:45:10","modified_gmt":"2024-02-07T09:45:10","slug":"pomegranate-bark-extract-cas-84961-57-9-2","status":"publish","type":"product","link":"https:\/\/wpachem.com\/es\/producto\/pomegranate-bark-extract-cas-84961-57-9-2\/","title":{"rendered":"3,3\u2032-Dihidroxi-beta,beta-caroteno-4,4\u2032-diona CAS 472-61-7 Astaxantina"},"content":{"rendered":"<p><strong>Caracter\u00edstica<\/strong><\/p>\n<p>Polvo marr\u00f3n rojizo<\/p>\n<p><strong>Solicitud:<\/strong><\/p>\n<p>1. Industria alimentaria: la astaxantina se puede utilizar como colorante natural en los alimentos para aumentar el color de los mismos, como pasteles, galletas, jugos, productos l\u00e1cteos y condimentos.<\/p>\n<p>2. Industria cosm\u00e9tica: Debido a los efectos antioxidantes y de belleza de la astaxantina, se usa ampliamente en cosm\u00e9ticos, como cremas faciales, l\u00e1pices labiales, sombras de ojos, etc.<\/p>","protected":false},"excerpt":{"rendered":"<p>Nombre del producto: astaxantina<\/p>\n<p>No. CAS: 9472-61-7<\/p>\n<p>Frecuencia intermedia: C40H52O4<\/p>\n<p>Apariencia: Polvo marr\u00f3n rojizo<\/p>","protected":false},"featured_media":6069,"template":"","meta":{"_acf_changed":false,"_gspb_post_css":""},"product_brand":[],"product_cat":[60,131,125,124,120,122,136,55],"product_tag":[],"class_list":{"0":"post-6060","1":"product","2":"type-product","3":"status-publish","4":"has-post-thumbnail","6":"product_cat-cosmetic-ingredients","7":"product_cat-antioxidant","8":"product_cat-cosmetic-raw-materials","9":"product_cat-food-additives-plant-extract","10":"product_cat-food-colorants","11":"product_cat-plant-extract","12":"product_cat-repairing","13":"product_cat-food-additives","15":"first","16":"instock","17":"shipping-taxable","18":"product-type-simple"},"acf":[],"_links":{"self":[{"href":"https:\/\/wpachem.com\/es\/wp-json\/wp\/v2\/product\/6060","targetHints":{"allow":["GET"]}}],"collection":[{"href":"https:\/\/wpachem.com\/es\/wp-json\/wp\/v2\/product"}],"about":[{"href":"https:\/\/wpachem.com\/es\/wp-json\/wp\/v2\/types\/product"}],"version-history":[{"count":0,"href":"https:\/\/wpachem.com\/es\/wp-json\/wp\/v2\/product\/6060\/revisions"}],"wp:featuredmedia":[{"embeddable":true,"href":"https:\/\/wpachem.com\/es\/wp-json\/wp\/v2\/media\/6069"}],"wp:attachment":[{"href":"https:\/\/wpachem.com\/es\/wp-json\/wp\/v2\/media?parent=6060"}],"wp:term":[{"taxonomy":"product_brand","embeddable":true,"href":"https:\/\/wpachem.com\/es\/wp-json\/wp\/v2\/product_brand?post=6060"},{"taxonomy":"product_cat","embeddable":true,"href":"https:\/\/wpachem.com\/es\/wp-json\/wp\/v2\/product_cat?post=6060"},{"taxonomy":"product_tag","embeddable":true,"href":"https:\/\/wpachem.com\/es\/wp-json\/wp\/v2\/product_tag?post=6060"}],"curies":[{"name":"wp","href":"https:\/\/api.w.org\/{rel}","templated":true}]}}