{"id":6062,"date":"2024-02-07T09:40:50","date_gmt":"2024-02-07T09:40:50","guid":{"rendered":"https:\/\/wpachem.com\/?post_type=product&#038;p=6062"},"modified":"2024-02-19T02:28:34","modified_gmt":"2024-02-19T02:28:34","slug":"purple-sweet-potato-color","status":"publish","type":"product","link":"https:\/\/wpachem.com\/es\/producto\/purple-sweet-potato-color\/","title":{"rendered":"Colorante alimentario natural Color morado de batata"},"content":{"rendered":"<div class=\"huaci-result-wrapper\">\n<p><strong>Caracter\u00edstica<\/strong><\/p>\n<p class=\"target color_text_1\">El polvo de papa morada es papa morada fresca de alta calidad como materia prima, quebrada, seca y otros procesos, el producto es un polvo soluble en agua de color morado claro a morado, con su olor \u00fanico, sin olor con un fuerte olor a papa morada, no solo retiene los nutrientes de la papa morada, sino que tambi\u00e9n tiene funci\u00f3n colorante. Tiene las caracter\u00edsticas de buena solubilidad en agua, resistencia al calor, resistencia a la luz, buena estabilidad y fuerte capacidad colorante. El campo de aplicaci\u00f3n es muy amplio.<\/p>\n<p><strong>Solicitud:<\/strong><\/p>\n<ol>\n<li>El polvo de papa morada se utiliza principalmente en alimentos congelados para tangyuan, alb\u00f3ndigas congeladas, bollos al vapor, bolitas de polvo y otros productos, que se utilizan principalmente para colorear la piel del producto y aumentar el sabor. En el proceso de producci\u00f3n se puede utilizar para reemplazar parte de la harina de trigo, al mismo tiempo, el polvo de papa morada tambi\u00e9n se puede utilizar en yogur helado, helado.<\/li>\n<li>\u00a0En la industria de la panificaci\u00f3n, el polvo de papa morada es el m\u00e1s utilizado, que se puede agregar a los alimentos como complemento para hornear. Los productos comunes como el pan y las galletas de papa morada no solo pueden mejorar el nivel de apariencia del pan, sino que tambi\u00e9n pueden absorber la fragancia \u00fanica de la papa morada. Especialmente en los \u00faltimos a\u00f1os, muchas tiendas de pasteles rojos en l\u00ednea han lanzado una gran cantidad de productos &quot;explosivos&quot; a base de papas moradas, que son muy populares entre los consumidores. Adem\u00e1s, otro gran papel del polvo de papa morada es hacer rellenos, ya sean pasteles de luna, pasteles y bollos europeos.<\/li>\n<li>\u00a0El polvo de papa morada se puede utilizar como materia prima para agregar bebidas con sabor a leche, bebidas fr\u00edas, bebidas calientes, jugos compuestos de frutas y verduras, bebidas s\u00f3lidas instant\u00e1neas y otros productos.<\/li>\n<\/ol>\n<\/div>\n<div class=\"more-container color_bg_dialog\">\n<div class=\"more color_text_3\" data-protocol=\"\"><\/div>\n<\/div>","protected":false},"excerpt":{"rendered":"<p>Nombre del producto: Colorante de batata morada<\/p>\n<p>Aspecto: polvo morado<\/p>","protected":false},"featured_media":3692,"template":"","meta":{"_acf_changed":false,"_gspb_post_css":""},"product_brand":[],"product_cat":[120],"product_tag":[],"class_list":{"0":"post-6062","1":"product","2":"type-product","3":"status-publish","4":"has-post-thumbnail","6":"product_cat-food-colorants","8":"first","9":"instock","10":"shipping-taxable","11":"product-type-simple"},"acf":[],"_links":{"self":[{"href":"https:\/\/wpachem.com\/es\/wp-json\/wp\/v2\/product\/6062","targetHints":{"allow":["GET"]}}],"collection":[{"href":"https:\/\/wpachem.com\/es\/wp-json\/wp\/v2\/product"}],"about":[{"href":"https:\/\/wpachem.com\/es\/wp-json\/wp\/v2\/types\/product"}],"version-history":[{"count":0,"href":"https:\/\/wpachem.com\/es\/wp-json\/wp\/v2\/product\/6062\/revisions"}],"wp:featuredmedia":[{"embeddable":true,"href":"https:\/\/wpachem.com\/es\/wp-json\/wp\/v2\/media\/3692"}],"wp:attachment":[{"href":"https:\/\/wpachem.com\/es\/wp-json\/wp\/v2\/media?parent=6062"}],"wp:term":[{"taxonomy":"product_brand","embeddable":true,"href":"https:\/\/wpachem.com\/es\/wp-json\/wp\/v2\/product_brand?post=6062"},{"taxonomy":"product_cat","embeddable":true,"href":"https:\/\/wpachem.com\/es\/wp-json\/wp\/v2\/product_cat?post=6062"},{"taxonomy":"product_tag","embeddable":true,"href":"https:\/\/wpachem.com\/es\/wp-json\/wp\/v2\/product_tag?post=6062"}],"curies":[{"name":"wp","href":"https:\/\/api.w.org\/{rel}","templated":true}]}}