{"id":6071,"date":"2024-02-07T09:45:33","date_gmt":"2024-02-07T09:45:33","guid":{"rendered":"https:\/\/wpachem.com\/?post_type=product&#038;p=6071"},"modified":"2024-02-07T09:49:27","modified_gmt":"2024-02-07T09:49:27","slug":"betaine-cas-107-43-7","status":"publish","type":"product","link":"https:\/\/wpachem.com\/es\/producto\/betaine-cas-107-43-7\/","title":{"rendered":"Beta\u00edna CAS 107-43-7"},"content":{"rendered":"<p><strong>Caracter\u00edstica<\/strong><\/p>\n<p>Cristal incoloro o polvo de cristal blanco.<\/p>\n<p><strong>Solicitud:<\/strong><\/p>\n<p>Bioqu\u00edmica: en la investigaci\u00f3n bioqu\u00edmica, la beta\u00edna se utiliza a menudo como disolvente y agente protector de prote\u00ednas y otras macromol\u00e9culas biol\u00f3gicas para evitar la desnaturalizaci\u00f3n y el da\u00f1o.<\/p>\n<p>Industria de purificaci\u00f3n: la beta\u00edna tambi\u00e9n se puede utilizar como agente reductor, agente decolorante y antioxidante en la industria de purificaci\u00f3n.<\/p>\n<p>Industria farmac\u00e9utica: En la industria farmac\u00e9utica, la beta\u00edna se utiliza para la purificaci\u00f3n y producci\u00f3n de productos farmac\u00e9uticos.<\/p>","protected":false},"excerpt":{"rendered":"<p>Nombre del producto: Beta\u00edna<\/p>\n<p>No. CAS: 107-43-7<\/p>\n<p>Frecuencia intermedia: C5H11NO2<\/p>\n<p>Aspecto: Cristal incoloro o polvo de cristal blanco.<\/p>","protected":false},"featured_media":5182,"template":"","meta":{"_acf_changed":false,"_gspb_post_css":""},"product_brand":[],"product_cat":[136,69,24],"product_tag":[],"class_list":{"0":"post-6071","1":"product","2":"type-product","3":"status-publish","4":"has-post-thumbnail","6":"product_cat-repairing","7":"product_cat-more","8":"product_cat-uncategorized","10":"first","11":"instock","12":"shipping-taxable","13":"product-type-simple"},"acf":[],"_links":{"self":[{"href":"https:\/\/wpachem.com\/es\/wp-json\/wp\/v2\/product\/6071","targetHints":{"allow":["GET"]}}],"collection":[{"href":"https:\/\/wpachem.com\/es\/wp-json\/wp\/v2\/product"}],"about":[{"href":"https:\/\/wpachem.com\/es\/wp-json\/wp\/v2\/types\/product"}],"version-history":[{"count":0,"href":"https:\/\/wpachem.com\/es\/wp-json\/wp\/v2\/product\/6071\/revisions"}],"wp:featuredmedia":[{"embeddable":true,"href":"https:\/\/wpachem.com\/es\/wp-json\/wp\/v2\/media\/5182"}],"wp:attachment":[{"href":"https:\/\/wpachem.com\/es\/wp-json\/wp\/v2\/media?parent=6071"}],"wp:term":[{"taxonomy":"product_brand","embeddable":true,"href":"https:\/\/wpachem.com\/es\/wp-json\/wp\/v2\/product_brand?post=6071"},{"taxonomy":"product_cat","embeddable":true,"href":"https:\/\/wpachem.com\/es\/wp-json\/wp\/v2\/product_cat?post=6071"},{"taxonomy":"product_tag","embeddable":true,"href":"https:\/\/wpachem.com\/es\/wp-json\/wp\/v2\/product_tag?post=6071"}],"curies":[{"name":"wp","href":"https:\/\/api.w.org\/{rel}","templated":true}]}}