{"id":6080,"date":"2024-02-08T04:17:28","date_gmt":"2024-02-08T04:17:28","guid":{"rendered":"https:\/\/wpachem.com\/?post_type=product&#038;p=6080"},"modified":"2024-02-19T02:27:49","modified_gmt":"2024-02-19T02:27:49","slug":"cabbage-red-color","status":"publish","type":"product","link":"https:\/\/wpachem.com\/es\/producto\/cabbage-red-color\/","title":{"rendered":"Colorante alimentario natural Color rojo repollo"},"content":{"rendered":"<p><strong>Caracter\u00edstica<\/strong><\/p>\n<p>El pigmento rojo de la col de calidad alimentaria se extrae y refina de la col morada, una planta cruc\u00edfera. La apariencia del producto es un polvo negro de color rojo a violeta, f\u00e1cilmente soluble en agua, etanol, soluci\u00f3n de metanol, insoluble en benceno, triclorometano, grasa y otros disolventes no polares.<\/p>\n<p><strong>Solicitud:<\/strong><\/p>\n<p>Las principales categor\u00edas de aplicaciones que contienen pigmento rojo de repollo en las categor\u00edas de alimentos y bebidas en el mercado global se concentran en barras de cereales para snacks, pero la tendencia de aplicaci\u00f3n ha disminuido y la aplicaci\u00f3n en bebidas carbonatadas, bebidas con sabor a frutas, pasteles y snacks mostrar\u00e1 un aumento. tendencia en 2023<\/p>","protected":false},"excerpt":{"rendered":"<p>Nombre del producto: Color rojo repollo<\/p>\n<p>Aspecto: polvo negro rojo a morado,<\/p>","protected":false},"featured_media":6077,"template":"","meta":{"_acf_changed":false,"_gspb_post_css":""},"product_brand":[],"product_cat":[120],"product_tag":[],"class_list":{"0":"post-6080","1":"product","2":"type-product","3":"status-publish","4":"has-post-thumbnail","6":"product_cat-food-colorants","8":"first","9":"instock","10":"shipping-taxable","11":"product-type-simple"},"acf":[],"_links":{"self":[{"href":"https:\/\/wpachem.com\/es\/wp-json\/wp\/v2\/product\/6080","targetHints":{"allow":["GET"]}}],"collection":[{"href":"https:\/\/wpachem.com\/es\/wp-json\/wp\/v2\/product"}],"about":[{"href":"https:\/\/wpachem.com\/es\/wp-json\/wp\/v2\/types\/product"}],"version-history":[{"count":0,"href":"https:\/\/wpachem.com\/es\/wp-json\/wp\/v2\/product\/6080\/revisions"}],"wp:featuredmedia":[{"embeddable":true,"href":"https:\/\/wpachem.com\/es\/wp-json\/wp\/v2\/media\/6077"}],"wp:attachment":[{"href":"https:\/\/wpachem.com\/es\/wp-json\/wp\/v2\/media?parent=6080"}],"wp:term":[{"taxonomy":"product_brand","embeddable":true,"href":"https:\/\/wpachem.com\/es\/wp-json\/wp\/v2\/product_brand?post=6080"},{"taxonomy":"product_cat","embeddable":true,"href":"https:\/\/wpachem.com\/es\/wp-json\/wp\/v2\/product_cat?post=6080"},{"taxonomy":"product_tag","embeddable":true,"href":"https:\/\/wpachem.com\/es\/wp-json\/wp\/v2\/product_tag?post=6080"}],"curies":[{"name":"wp","href":"https:\/\/api.w.org\/{rel}","templated":true}]}}