{"id":6086,"date":"2024-02-08T05:49:06","date_gmt":"2024-02-08T05:49:06","guid":{"rendered":"https:\/\/wpachem.com\/?post_type=product&#038;p=6086"},"modified":"2024-02-08T05:50:49","modified_gmt":"2024-02-08T05:50:49","slug":"l-methionine-cas-63-68-3","status":"publish","type":"product","link":"https:\/\/wpachem.com\/es\/producto\/l-methionine-cas-63-68-3\/","title":{"rendered":"L-Metionina CAS 63-68-3"},"content":{"rendered":"<p><strong>Caracter\u00edstica<\/strong><\/p>\n<p>S\u00f3lido cristalino incoloro<\/p>\n<p><strong>Solicitud:<\/strong><\/p>\n<p>La L-metionina se utiliza ampliamente en las industrias farmac\u00e9utica y de productos sanitarios. Se utiliza como suplemento nutricional para mejorar el crecimiento y la reparaci\u00f3n muscular, fortalecer el sistema inmunitario y promover la cicatrizaci\u00f3n de heridas, entre otras funciones.<\/p>","protected":false},"excerpt":{"rendered":"<p>Nombre del producto: L-metionina<\/p>\n<p>N.\u00ba de CAS: 63-68-3<\/p>\n<p>MF:C5H11NO2S<\/p>\n<p>Apariencia: S\u00f3lido cristalino incoloro.<\/p>","protected":false},"featured_media":5182,"template":"","meta":{"_acf_changed":false,"_gspb_post_css":""},"product_brand":[],"product_cat":[69,55,103,24],"product_tag":[],"class_list":{"0":"post-6086","1":"product","2":"type-product","3":"status-publish","4":"has-post-thumbnail","6":"product_cat-more","7":"product_cat-food-additives","8":"product_cat-nutrition-enhancer","9":"product_cat-uncategorized","11":"first","12":"instock","13":"shipping-taxable","14":"product-type-simple"},"acf":[],"_links":{"self":[{"href":"https:\/\/wpachem.com\/es\/wp-json\/wp\/v2\/product\/6086","targetHints":{"allow":["GET"]}}],"collection":[{"href":"https:\/\/wpachem.com\/es\/wp-json\/wp\/v2\/product"}],"about":[{"href":"https:\/\/wpachem.com\/es\/wp-json\/wp\/v2\/types\/product"}],"version-history":[{"count":0,"href":"https:\/\/wpachem.com\/es\/wp-json\/wp\/v2\/product\/6086\/revisions"}],"wp:featuredmedia":[{"embeddable":true,"href":"https:\/\/wpachem.com\/es\/wp-json\/wp\/v2\/media\/5182"}],"wp:attachment":[{"href":"https:\/\/wpachem.com\/es\/wp-json\/wp\/v2\/media?parent=6086"}],"wp:term":[{"taxonomy":"product_brand","embeddable":true,"href":"https:\/\/wpachem.com\/es\/wp-json\/wp\/v2\/product_brand?post=6086"},{"taxonomy":"product_cat","embeddable":true,"href":"https:\/\/wpachem.com\/es\/wp-json\/wp\/v2\/product_cat?post=6086"},{"taxonomy":"product_tag","embeddable":true,"href":"https:\/\/wpachem.com\/es\/wp-json\/wp\/v2\/product_tag?post=6086"}],"curies":[{"name":"wp","href":"https:\/\/api.w.org\/{rel}","templated":true}]}}