{"id":6088,"date":"2024-02-08T05:50:58","date_gmt":"2024-02-08T05:50:58","guid":{"rendered":"https:\/\/wpachem.com\/?post_type=product&#038;p=6088"},"modified":"2024-02-08T05:53:08","modified_gmt":"2024-02-08T05:53:08","slug":"l-proline-cas-147-85-3","status":"publish","type":"product","link":"https:\/\/wpachem.com\/es\/producto\/l-proline-cas-147-85-3\/","title":{"rendered":"L-Prolina CAS 147-85-3"},"content":{"rendered":"<p><strong>Caracter\u00edstica<\/strong><\/p>\n<p>Polvo cristalino blanco<\/p>\n<p><strong>Solicitud:<\/strong><\/p>\n<p>1. Como componente del metabolismo de la prolina, la L-prolina juega un papel importante en el cuerpo, participando en la s\u00edntesis de col\u00e1geno, manteniendo la salud de los m\u00fasculos, huesos y piel, y la regulaci\u00f3n inmunol\u00f3gica y otras funciones fisiol\u00f3gicas.<br \/>\n2. La L-prolina tambi\u00e9n se utiliza ampliamente en el campo farmac\u00e9utico para la producci\u00f3n de f\u00e1rmacos sint\u00e9ticos y agentes biol\u00f3gicos, como antibi\u00f3ticos, inmunomoduladores, f\u00e1rmacos antivirales, etc.<\/p>","protected":false},"excerpt":{"rendered":"<p>Nombre del producto: L-Prolina<\/p>\n<p>N.\u00ba de CAS: 147-85-3<\/p>\n<p>MF:C5H9NO2<\/p>\n<p>Aspecto: Polvo cristalino blanco<\/p>","protected":false},"featured_media":5182,"template":"","meta":{"_acf_changed":false,"_gspb_post_css":""},"product_brand":[],"product_cat":[69,55,103,24],"product_tag":[],"class_list":{"0":"post-6088","1":"product","2":"type-product","3":"status-publish","4":"has-post-thumbnail","6":"product_cat-more","7":"product_cat-food-additives","8":"product_cat-nutrition-enhancer","9":"product_cat-uncategorized","11":"first","12":"instock","13":"shipping-taxable","14":"product-type-simple"},"acf":[],"_links":{"self":[{"href":"https:\/\/wpachem.com\/es\/wp-json\/wp\/v2\/product\/6088","targetHints":{"allow":["GET"]}}],"collection":[{"href":"https:\/\/wpachem.com\/es\/wp-json\/wp\/v2\/product"}],"about":[{"href":"https:\/\/wpachem.com\/es\/wp-json\/wp\/v2\/types\/product"}],"version-history":[{"count":0,"href":"https:\/\/wpachem.com\/es\/wp-json\/wp\/v2\/product\/6088\/revisions"}],"wp:featuredmedia":[{"embeddable":true,"href":"https:\/\/wpachem.com\/es\/wp-json\/wp\/v2\/media\/5182"}],"wp:attachment":[{"href":"https:\/\/wpachem.com\/es\/wp-json\/wp\/v2\/media?parent=6088"}],"wp:term":[{"taxonomy":"product_brand","embeddable":true,"href":"https:\/\/wpachem.com\/es\/wp-json\/wp\/v2\/product_brand?post=6088"},{"taxonomy":"product_cat","embeddable":true,"href":"https:\/\/wpachem.com\/es\/wp-json\/wp\/v2\/product_cat?post=6088"},{"taxonomy":"product_tag","embeddable":true,"href":"https:\/\/wpachem.com\/es\/wp-json\/wp\/v2\/product_tag?post=6088"}],"curies":[{"name":"wp","href":"https:\/\/api.w.org\/{rel}","templated":true}]}}