{"id":6090,"date":"2024-02-08T05:53:45","date_gmt":"2024-02-08T05:53:45","guid":{"rendered":"https:\/\/wpachem.com\/?post_type=product&#038;p=6090"},"modified":"2024-02-08T05:55:19","modified_gmt":"2024-02-08T05:55:19","slug":"l-tryptophan-cas-73-22-3","status":"publish","type":"product","link":"https:\/\/wpachem.com\/es\/producto\/l-tryptophan-cas-73-22-3\/","title":{"rendered":"L-tript\u00f3fano CAS 73-22-3"},"content":{"rendered":"<p><strong>Caracter\u00edstica<\/strong><\/p>\n<p>Polvo cristalino blanco o ligeramente amarillo.<\/p>\n<p><strong>Solicitud:<\/strong><\/p>\n<p>El L-tript\u00f3fano tiene una amplia gama de aplicaciones en la industria farmac\u00e9utica y alimentaria. Se utiliza en la preparaci\u00f3n de algunos medicamentos, como antidepresivos y medicamentos para el insomnio. Adem\u00e1s, se utiliza como aditivo alimentario, como agente aromatizante, para aumentar el aroma de los alimentos.<\/p>","protected":false},"excerpt":{"rendered":"<p>Nombre del producto: L-tript\u00f3fano<\/p>\n<p>No. CAS: 73-22-3<\/p>\n<p>Frecuencia intermedia: C11H12N2O2<\/p>\n<p>Aspecto: Polvo cristalino blanco o ligeramente amarillo.<\/p>","protected":false},"featured_media":5182,"template":"","meta":{"_acf_changed":false,"_gspb_post_css":""},"product_brand":[],"product_cat":[69,55,103,24],"product_tag":[],"class_list":{"0":"post-6090","1":"product","2":"type-product","3":"status-publish","4":"has-post-thumbnail","6":"product_cat-more","7":"product_cat-food-additives","8":"product_cat-nutrition-enhancer","9":"product_cat-uncategorized","11":"first","12":"instock","13":"shipping-taxable","14":"product-type-simple"},"acf":[],"_links":{"self":[{"href":"https:\/\/wpachem.com\/es\/wp-json\/wp\/v2\/product\/6090","targetHints":{"allow":["GET"]}}],"collection":[{"href":"https:\/\/wpachem.com\/es\/wp-json\/wp\/v2\/product"}],"about":[{"href":"https:\/\/wpachem.com\/es\/wp-json\/wp\/v2\/types\/product"}],"version-history":[{"count":0,"href":"https:\/\/wpachem.com\/es\/wp-json\/wp\/v2\/product\/6090\/revisions"}],"wp:featuredmedia":[{"embeddable":true,"href":"https:\/\/wpachem.com\/es\/wp-json\/wp\/v2\/media\/5182"}],"wp:attachment":[{"href":"https:\/\/wpachem.com\/es\/wp-json\/wp\/v2\/media?parent=6090"}],"wp:term":[{"taxonomy":"product_brand","embeddable":true,"href":"https:\/\/wpachem.com\/es\/wp-json\/wp\/v2\/product_brand?post=6090"},{"taxonomy":"product_cat","embeddable":true,"href":"https:\/\/wpachem.com\/es\/wp-json\/wp\/v2\/product_cat?post=6090"},{"taxonomy":"product_tag","embeddable":true,"href":"https:\/\/wpachem.com\/es\/wp-json\/wp\/v2\/product_tag?post=6090"}],"curies":[{"name":"wp","href":"https:\/\/api.w.org\/{rel}","templated":true}]}}