{"id":6092,"date":"2024-02-08T05:55:37","date_gmt":"2024-02-08T05:55:37","guid":{"rendered":"https:\/\/wpachem.com\/?post_type=product&#038;p=6092"},"modified":"2024-02-08T05:57:41","modified_gmt":"2024-02-08T05:57:41","slug":"l-serine-cas-56-45-1","status":"publish","type":"product","link":"https:\/\/wpachem.com\/es\/producto\/l-serine-cas-56-45-1\/","title":{"rendered":"L-Serina CAS 56-45-1"},"content":{"rendered":"<p><strong>Caracter\u00edstica<\/strong><\/p>\n<p>Cristal incoloro o polvo de cristal blanco.<\/p>\n<p><strong>Solicitud:<\/strong><\/p>\n<p>Medicamentos a base de amino\u00e1cidos. Se utilizan principalmente para infusiones de amino\u00e1cidos. Gracias a sus propiedades hidratantes especiales, tambi\u00e9n se utilizan en cremas y cosm\u00e9ticos.<\/p>","protected":false},"excerpt":{"rendered":"<p>Nombre del producto: L-Serina<\/p>\n<p>N.\u00ba de CAS: 56-45-1<\/p>\n<p>MF:C3H7NO3<\/p>\n<p>Aspecto: Cristal incoloro o polvo de cristal blanco.<\/p>","protected":false},"featured_media":5182,"template":"","meta":{"_acf_changed":false,"_gspb_post_css":""},"product_brand":[],"product_cat":[69,55,103,24],"product_tag":[],"class_list":{"0":"post-6092","1":"product","2":"type-product","3":"status-publish","4":"has-post-thumbnail","6":"product_cat-more","7":"product_cat-food-additives","8":"product_cat-nutrition-enhancer","9":"product_cat-uncategorized","11":"first","12":"instock","13":"shipping-taxable","14":"product-type-simple"},"acf":[],"_links":{"self":[{"href":"https:\/\/wpachem.com\/es\/wp-json\/wp\/v2\/product\/6092","targetHints":{"allow":["GET"]}}],"collection":[{"href":"https:\/\/wpachem.com\/es\/wp-json\/wp\/v2\/product"}],"about":[{"href":"https:\/\/wpachem.com\/es\/wp-json\/wp\/v2\/types\/product"}],"version-history":[{"count":0,"href":"https:\/\/wpachem.com\/es\/wp-json\/wp\/v2\/product\/6092\/revisions"}],"wp:featuredmedia":[{"embeddable":true,"href":"https:\/\/wpachem.com\/es\/wp-json\/wp\/v2\/media\/5182"}],"wp:attachment":[{"href":"https:\/\/wpachem.com\/es\/wp-json\/wp\/v2\/media?parent=6092"}],"wp:term":[{"taxonomy":"product_brand","embeddable":true,"href":"https:\/\/wpachem.com\/es\/wp-json\/wp\/v2\/product_brand?post=6092"},{"taxonomy":"product_cat","embeddable":true,"href":"https:\/\/wpachem.com\/es\/wp-json\/wp\/v2\/product_cat?post=6092"},{"taxonomy":"product_tag","embeddable":true,"href":"https:\/\/wpachem.com\/es\/wp-json\/wp\/v2\/product_tag?post=6092"}],"curies":[{"name":"wp","href":"https:\/\/api.w.org\/{rel}","templated":true}]}}