{"id":6094,"date":"2024-02-08T05:57:50","date_gmt":"2024-02-08T05:57:50","guid":{"rendered":"https:\/\/wpachem.com\/?post_type=product&#038;p=6094"},"modified":"2024-02-08T05:59:56","modified_gmt":"2024-02-08T05:59:56","slug":"l-tyrosine-cas-60-18-4","status":"publish","type":"product","link":"https:\/\/wpachem.com\/es\/producto\/l-tyrosine-cas-60-18-4\/","title":{"rendered":"L-tirosina CAS 60-18-4"},"content":{"rendered":"<p><strong>Caracter\u00edstica<\/strong><\/p>\n<p>S\u00f3lido cristalino incoloro<\/p>\n<p><strong>Solicitud:<\/strong><\/p>\n<p>1. Mejorar la cognici\u00f3n y la atenci\u00f3n: la L-tirosina es un precursor de la s\u00edntesis del neurotransmisor dopamina. La dopamina juega un papel regulador importante en el cerebro y est\u00e1 estrechamente relacionada con la funci\u00f3n cognitiva y la atenci\u00f3n. Por lo tanto, complementar la L-tirosina puede mejorar las capacidades cognitivas y la atenci\u00f3n, y mejorar la falta de atenci\u00f3n.<\/p>\n<p>2. Reducir el estr\u00e9s y la ansiedad: la L-tirosina se puede convertir en norepinefrina y epinefrina en el cuerpo, las cuales tienen efectos antiestr\u00e9s y ansiol\u00edticos. Por lo tanto, se pueden reducir los s\u00edntomas de estr\u00e9s y ansiedad y mejorar el estado de \u00e1nimo suplementando con L-tirosina.<\/p>\n<p>3. Mejora el rendimiento deportivo: se cree que la L-tirosina aumenta la s\u00edntesis y la fuerza muscular, promoviendo el rendimiento deportivo. Adem\u00e1s, la L-tirosina interviene en la s\u00edntesis de la hormona tiroidea, que tambi\u00e9n es importante en la regulaci\u00f3n del metabolismo energ\u00e9tico y la regulaci\u00f3n de la temperatura corporal.<\/p>","protected":false},"excerpt":{"rendered":"<p>Nombre del producto: L-tirosina<\/p>\n<p>No. CAS: 60-18-4<\/p>\n<p>Frecuencia intermedia: C9H11NO3<\/p>\n<p>Apariencia: S\u00f3lido cristalino incoloro.<\/p>","protected":false},"featured_media":5182,"template":"","meta":{"_acf_changed":false,"_gspb_post_css":""},"product_brand":[],"product_cat":[69,55,103,24],"product_tag":[],"class_list":{"0":"post-6094","1":"product","2":"type-product","3":"status-publish","4":"has-post-thumbnail","6":"product_cat-more","7":"product_cat-food-additives","8":"product_cat-nutrition-enhancer","9":"product_cat-uncategorized","11":"first","12":"instock","13":"shipping-taxable","14":"product-type-simple"},"acf":[],"_links":{"self":[{"href":"https:\/\/wpachem.com\/es\/wp-json\/wp\/v2\/product\/6094","targetHints":{"allow":["GET"]}}],"collection":[{"href":"https:\/\/wpachem.com\/es\/wp-json\/wp\/v2\/product"}],"about":[{"href":"https:\/\/wpachem.com\/es\/wp-json\/wp\/v2\/types\/product"}],"version-history":[{"count":0,"href":"https:\/\/wpachem.com\/es\/wp-json\/wp\/v2\/product\/6094\/revisions"}],"wp:featuredmedia":[{"embeddable":true,"href":"https:\/\/wpachem.com\/es\/wp-json\/wp\/v2\/media\/5182"}],"wp:attachment":[{"href":"https:\/\/wpachem.com\/es\/wp-json\/wp\/v2\/media?parent=6094"}],"wp:term":[{"taxonomy":"product_brand","embeddable":true,"href":"https:\/\/wpachem.com\/es\/wp-json\/wp\/v2\/product_brand?post=6094"},{"taxonomy":"product_cat","embeddable":true,"href":"https:\/\/wpachem.com\/es\/wp-json\/wp\/v2\/product_cat?post=6094"},{"taxonomy":"product_tag","embeddable":true,"href":"https:\/\/wpachem.com\/es\/wp-json\/wp\/v2\/product_tag?post=6094"}],"curies":[{"name":"wp","href":"https:\/\/api.w.org\/{rel}","templated":true}]}}