{"id":6098,"date":"2024-02-08T06:32:35","date_gmt":"2024-02-08T06:32:35","guid":{"rendered":"https:\/\/wpachem.com\/?post_type=product&#038;p=6098"},"modified":"2024-02-19T02:27:19","modified_gmt":"2024-02-19T02:27:19","slug":"gardenia-blue-color","status":"publish","type":"product","link":"https:\/\/wpachem.com\/es\/producto\/gardenia-blue-color\/","title":{"rendered":"Colorante alimentario natural Gardenia color azul"},"content":{"rendered":"<p><strong>Caracter\u00edstica<\/strong><\/p>\n<p>El Gardenia azul de grado alimenticio se extrae y refina del fruto de la gardenia rubiaceae. El producto presenta un polvo azul oscuro, f\u00e1cilmente soluble en agua, insoluble en aceite, la soluci\u00f3n acuosa es azul brillante, el tono no se ve afectado por el pH, la cobertura del tono es amplia, la resistencia al \u00e1cido es fuerte y el poder colorante de la prote\u00edna es fuerte.<\/p>\n<p><strong>Solicitud:<\/strong><\/p>\n<p>Gardenia blue se puede utilizar en bebidas congeladas (excepto hielo comestible), mermeladas, verduras encurtidas, dulces, productos pr\u00e1cticos de arroz y fideos, relleno de productos alimenticios, pasteles, relleno de alimentos horneados y pulpa colgante en la superficie, condimentos (excepto sal y productos sustitutos de la sal), jugo de frutas y verduras, bebidas proteicas, etc. Bebidas saborizadas (incluidas bebidas con sabor a frutas, bebidas con sabor a leche, bebidas con sabor a t\u00e9, bebidas con sabor a caf\u00e9 y otras bebidas saborizadas) (solo bebidas con sabor a frutas), bebidas s\u00f3lidas, vinos preparados, alimentos inflados, etc.<\/p>","protected":false},"excerpt":{"rendered":"<p>Nombre del producto: Gardenia Blue Color<\/p>\n<p>Aspecto: polvo azul oscuro<\/p>","protected":false},"featured_media":6100,"template":"","meta":{"_acf_changed":false,"_gspb_post_css":""},"product_brand":[],"product_cat":[120],"product_tag":[],"class_list":{"0":"post-6098","1":"product","2":"type-product","3":"status-publish","4":"has-post-thumbnail","6":"product_cat-food-colorants","8":"first","9":"instock","10":"shipping-taxable","11":"product-type-simple"},"acf":[],"_links":{"self":[{"href":"https:\/\/wpachem.com\/es\/wp-json\/wp\/v2\/product\/6098","targetHints":{"allow":["GET"]}}],"collection":[{"href":"https:\/\/wpachem.com\/es\/wp-json\/wp\/v2\/product"}],"about":[{"href":"https:\/\/wpachem.com\/es\/wp-json\/wp\/v2\/types\/product"}],"version-history":[{"count":0,"href":"https:\/\/wpachem.com\/es\/wp-json\/wp\/v2\/product\/6098\/revisions"}],"wp:featuredmedia":[{"embeddable":true,"href":"https:\/\/wpachem.com\/es\/wp-json\/wp\/v2\/media\/6100"}],"wp:attachment":[{"href":"https:\/\/wpachem.com\/es\/wp-json\/wp\/v2\/media?parent=6098"}],"wp:term":[{"taxonomy":"product_brand","embeddable":true,"href":"https:\/\/wpachem.com\/es\/wp-json\/wp\/v2\/product_brand?post=6098"},{"taxonomy":"product_cat","embeddable":true,"href":"https:\/\/wpachem.com\/es\/wp-json\/wp\/v2\/product_cat?post=6098"},{"taxonomy":"product_tag","embeddable":true,"href":"https:\/\/wpachem.com\/es\/wp-json\/wp\/v2\/product_tag?post=6098"}],"curies":[{"name":"wp","href":"https:\/\/api.w.org\/{rel}","templated":true}]}}