{"id":6101,"date":"2024-02-08T06:21:47","date_gmt":"2024-02-08T06:21:47","guid":{"rendered":"https:\/\/wpachem.com\/?post_type=product&#038;p=6101"},"modified":"2024-02-08T06:23:42","modified_gmt":"2024-02-08T06:23:42","slug":"l-phenylalanine-cas-63-91-2","status":"publish","type":"product","link":"https:\/\/wpachem.com\/es\/producto\/l-phenylalanine-cas-63-91-2\/","title":{"rendered":"L-fenilalanina CAS 63-91-2"},"content":{"rendered":"<p><strong>Caracter\u00edstica<\/strong><\/p>\n<p>Polvo cristalino incoloro o blanco<\/p>\n<p><strong>Solicitud:<\/strong><\/p>\n<p>1. Industria de alimentos y bebidas: La L-fenilalanina es un aditivo alimentario natural que se puede utilizar para mejorar el sabor de los alimentos.<br \/>\n2. Industria farmac\u00e9utica: La L-fenilalanina es una materia prima importante para la preparaci\u00f3n de ciertos medicamentos, como antidepresivos, f\u00e1rmacos pept\u00eddicos, etc.<br \/>\n3. Suplementos nutricionales: Dado que la L-fenilalanina es un amino\u00e1cido esencial, puede utilizarse como suplemento diet\u00e9tico para mejorar el estado nutricional.<\/p>","protected":false},"excerpt":{"rendered":"<p>Nombre del producto: L-fenilalanina<\/p>\n<p>N.\u00ba de CAS: 63-91-2<\/p>\n<p>MF:C9H11NO2<\/p>\n<p>Aspecto: Polvo cristalino incoloro o blanco.<\/p>","protected":false},"featured_media":5182,"template":"","meta":{"_acf_changed":false,"_gspb_post_css":""},"product_brand":[],"product_cat":[69,55,103,24],"product_tag":[],"class_list":{"0":"post-6101","1":"product","2":"type-product","3":"status-publish","4":"has-post-thumbnail","6":"product_cat-more","7":"product_cat-food-additives","8":"product_cat-nutrition-enhancer","9":"product_cat-uncategorized","11":"first","12":"instock","13":"shipping-taxable","14":"product-type-simple"},"acf":[],"_links":{"self":[{"href":"https:\/\/wpachem.com\/es\/wp-json\/wp\/v2\/product\/6101","targetHints":{"allow":["GET"]}}],"collection":[{"href":"https:\/\/wpachem.com\/es\/wp-json\/wp\/v2\/product"}],"about":[{"href":"https:\/\/wpachem.com\/es\/wp-json\/wp\/v2\/types\/product"}],"version-history":[{"count":0,"href":"https:\/\/wpachem.com\/es\/wp-json\/wp\/v2\/product\/6101\/revisions"}],"wp:featuredmedia":[{"embeddable":true,"href":"https:\/\/wpachem.com\/es\/wp-json\/wp\/v2\/media\/5182"}],"wp:attachment":[{"href":"https:\/\/wpachem.com\/es\/wp-json\/wp\/v2\/media?parent=6101"}],"wp:term":[{"taxonomy":"product_brand","embeddable":true,"href":"https:\/\/wpachem.com\/es\/wp-json\/wp\/v2\/product_brand?post=6101"},{"taxonomy":"product_cat","embeddable":true,"href":"https:\/\/wpachem.com\/es\/wp-json\/wp\/v2\/product_cat?post=6101"},{"taxonomy":"product_tag","embeddable":true,"href":"https:\/\/wpachem.com\/es\/wp-json\/wp\/v2\/product_tag?post=6101"}],"curies":[{"name":"wp","href":"https:\/\/api.w.org\/{rel}","templated":true}]}}