{"id":6103,"date":"2024-02-08T06:23:52","date_gmt":"2024-02-08T06:23:52","guid":{"rendered":"https:\/\/wpachem.com\/?post_type=product&#038;p=6103"},"modified":"2024-02-08T06:27:53","modified_gmt":"2024-02-08T06:27:53","slug":"l-asparagine-monohydrate-cas-5794-13-8","status":"publish","type":"product","link":"https:\/\/wpachem.com\/es\/producto\/l-asparagine-monohydrate-cas-5794-13-8\/","title":{"rendered":"L-asparagina monohidrato CAS 5794-13-8"},"content":{"rendered":"<p><strong>Caracter\u00edstica<\/strong><\/p>\n<p>Polvo de cristal blanco<\/p>\n<p><strong>Solicitud:<\/strong><\/p>\n<p>1. Medicamentos: Como materia prima en el campo de los suplementos nutricionales y la medicina, se puede utilizar para sintetizar una variedad de antibi\u00f3ticos y medicamentos que promueven el desarrollo y el crecimiento intelectual.<br \/>\n2. Alimentaci\u00f3n: Como aditivo de amino\u00e1cidos en la alimentaci\u00f3n animal, puede mejorar el crecimiento, el desarrollo y la resistencia a las enfermedades de los animales.<br \/>\n3. Alimentos: Se puede utilizar como aditivo alimentario para mejorar el sabor y el contenido nutricional de los alimentos.<\/p>","protected":false},"excerpt":{"rendered":"<p>Nombre del producto: L-asparagina monohidrato<\/p>\n<p>N.\u00ba de CAS: 5794-13-8<\/p>\n<p>MF:C4H10N2O4<\/p>\n<p>Apariencia: Polvo de cristal blanco<\/p>","protected":false},"featured_media":5182,"template":"","meta":{"_acf_changed":false,"_gspb_post_css":""},"product_brand":[],"product_cat":[69,55,103,24],"product_tag":[],"class_list":{"0":"post-6103","1":"product","2":"type-product","3":"status-publish","4":"has-post-thumbnail","6":"product_cat-more","7":"product_cat-food-additives","8":"product_cat-nutrition-enhancer","9":"product_cat-uncategorized","11":"first","12":"instock","13":"shipping-taxable","14":"product-type-simple"},"acf":[],"_links":{"self":[{"href":"https:\/\/wpachem.com\/es\/wp-json\/wp\/v2\/product\/6103","targetHints":{"allow":["GET"]}}],"collection":[{"href":"https:\/\/wpachem.com\/es\/wp-json\/wp\/v2\/product"}],"about":[{"href":"https:\/\/wpachem.com\/es\/wp-json\/wp\/v2\/types\/product"}],"version-history":[{"count":0,"href":"https:\/\/wpachem.com\/es\/wp-json\/wp\/v2\/product\/6103\/revisions"}],"wp:featuredmedia":[{"embeddable":true,"href":"https:\/\/wpachem.com\/es\/wp-json\/wp\/v2\/media\/5182"}],"wp:attachment":[{"href":"https:\/\/wpachem.com\/es\/wp-json\/wp\/v2\/media?parent=6103"}],"wp:term":[{"taxonomy":"product_brand","embeddable":true,"href":"https:\/\/wpachem.com\/es\/wp-json\/wp\/v2\/product_brand?post=6103"},{"taxonomy":"product_cat","embeddable":true,"href":"https:\/\/wpachem.com\/es\/wp-json\/wp\/v2\/product_cat?post=6103"},{"taxonomy":"product_tag","embeddable":true,"href":"https:\/\/wpachem.com\/es\/wp-json\/wp\/v2\/product_tag?post=6103"}],"curies":[{"name":"wp","href":"https:\/\/api.w.org\/{rel}","templated":true}]}}