{"id":6107,"date":"2024-02-08T06:30:39","date_gmt":"2024-02-08T06:30:39","guid":{"rendered":"https:\/\/wpachem.com\/?post_type=product&#038;p=6107"},"modified":"2024-02-08T06:32:53","modified_gmt":"2024-02-08T06:32:53","slug":"d-aspartic-acid-cas-1783-96-6","status":"publish","type":"product","link":"https:\/\/wpachem.com\/es\/producto\/d-aspartic-acid-cas-1783-96-6\/","title":{"rendered":"\u00c1cido D-asp\u00e1rtico CAS 1783-96-6"},"content":{"rendered":"<p><strong>Caracter\u00edstica<\/strong><\/p>\n<p>Cristal blanco o polvo cristalino.<\/p>\n<p><strong>Solicitud:<\/strong><\/p>\n<p>El \u00e1cido D-asp\u00e1rtico tiene funciones importantes en los organismos, que incluyen:<br \/>\n1. Participar en la s\u00edntesis de prote\u00ednas y p\u00e9ptidos.<br \/>\n2. Participar en el metabolismo de los amino\u00e1cidos y la producci\u00f3n de energ\u00eda en el cuerpo.<br \/>\n3. Como neurotransmisor, participa en el proceso de neurotransmisi\u00f3n.<br \/>\n4. Puede tener cierto efecto en la mejora de la funci\u00f3n cognitiva y en la resistencia a la fatiga.<\/p>","protected":false},"excerpt":{"rendered":"<p>Nombre del producto: \u00e1cido D-asp\u00e1rtico<\/p>\n<p>No. CAS: 1783-96-6<\/p>\n<p>Frecuencia intermedia: C4H7NO4<\/p>\n<p>Aspecto: Cristal blanco o polvo cristalino.<\/p>","protected":false},"featured_media":5182,"template":"","meta":{"_acf_changed":false,"_gspb_post_css":""},"product_brand":[],"product_cat":[69,55,103,24],"product_tag":[],"class_list":{"0":"post-6107","1":"product","2":"type-product","3":"status-publish","4":"has-post-thumbnail","6":"product_cat-more","7":"product_cat-food-additives","8":"product_cat-nutrition-enhancer","9":"product_cat-uncategorized","11":"first","12":"instock","13":"shipping-taxable","14":"product-type-simple"},"acf":[],"_links":{"self":[{"href":"https:\/\/wpachem.com\/es\/wp-json\/wp\/v2\/product\/6107","targetHints":{"allow":["GET"]}}],"collection":[{"href":"https:\/\/wpachem.com\/es\/wp-json\/wp\/v2\/product"}],"about":[{"href":"https:\/\/wpachem.com\/es\/wp-json\/wp\/v2\/types\/product"}],"version-history":[{"count":0,"href":"https:\/\/wpachem.com\/es\/wp-json\/wp\/v2\/product\/6107\/revisions"}],"wp:featuredmedia":[{"embeddable":true,"href":"https:\/\/wpachem.com\/es\/wp-json\/wp\/v2\/media\/5182"}],"wp:attachment":[{"href":"https:\/\/wpachem.com\/es\/wp-json\/wp\/v2\/media?parent=6107"}],"wp:term":[{"taxonomy":"product_brand","embeddable":true,"href":"https:\/\/wpachem.com\/es\/wp-json\/wp\/v2\/product_brand?post=6107"},{"taxonomy":"product_cat","embeddable":true,"href":"https:\/\/wpachem.com\/es\/wp-json\/wp\/v2\/product_cat?post=6107"},{"taxonomy":"product_tag","embeddable":true,"href":"https:\/\/wpachem.com\/es\/wp-json\/wp\/v2\/product_tag?post=6107"}],"curies":[{"name":"wp","href":"https:\/\/api.w.org\/{rel}","templated":true}]}}