{"id":6110,"date":"2024-02-08T06:33:04","date_gmt":"2024-02-08T06:33:04","guid":{"rendered":"https:\/\/wpachem.com\/?post_type=product&#038;p=6110"},"modified":"2024-02-08T06:35:16","modified_gmt":"2024-02-08T06:35:16","slug":"l-glutamic-acid-cas-56-86-0","status":"publish","type":"product","link":"https:\/\/wpachem.com\/es\/producto\/l-glutamic-acid-cas-56-86-0\/","title":{"rendered":"\u00c1cido L-glut\u00e1mico CAS 56-86-0"},"content":{"rendered":"<p><strong>Caracter\u00edstica<\/strong><\/p>\n<p>Polvo de cristal blanco<\/p>\n<p><strong>Solicitud:<\/strong><\/p>\n<p>El \u00e1cido L-glut\u00e1mico se utiliza ampliamente en alimentos, bebidas y condimentos como aditivo para a\u00f1adir sabor y realzar el sabor de los alimentos. Adem\u00e1s, tambi\u00e9n se utiliza en la preparaci\u00f3n de catalizadores para reacciones de s\u00edntesis org\u00e1nica, investigaci\u00f3n bioqu\u00edmica y desarrollo de f\u00e1rmacos.<\/p>","protected":false},"excerpt":{"rendered":"<p>Nombre del producto: \u00c1cido L-glut\u00e1mico<\/p>\n<p>N.\u00ba de CAS: 56-86-0<\/p>\n<p>MF:C5H9NO4<\/p>\n<p>Apariencia: Polvo de cristal blanco<\/p>","protected":false},"featured_media":5182,"template":"","meta":{"_acf_changed":false,"_gspb_post_css":""},"product_brand":[],"product_cat":[69,55,103,24],"product_tag":[],"class_list":{"0":"post-6110","1":"product","2":"type-product","3":"status-publish","4":"has-post-thumbnail","6":"product_cat-more","7":"product_cat-food-additives","8":"product_cat-nutrition-enhancer","9":"product_cat-uncategorized","11":"first","12":"instock","13":"shipping-taxable","14":"product-type-simple"},"acf":[],"_links":{"self":[{"href":"https:\/\/wpachem.com\/es\/wp-json\/wp\/v2\/product\/6110","targetHints":{"allow":["GET"]}}],"collection":[{"href":"https:\/\/wpachem.com\/es\/wp-json\/wp\/v2\/product"}],"about":[{"href":"https:\/\/wpachem.com\/es\/wp-json\/wp\/v2\/types\/product"}],"version-history":[{"count":0,"href":"https:\/\/wpachem.com\/es\/wp-json\/wp\/v2\/product\/6110\/revisions"}],"wp:featuredmedia":[{"embeddable":true,"href":"https:\/\/wpachem.com\/es\/wp-json\/wp\/v2\/media\/5182"}],"wp:attachment":[{"href":"https:\/\/wpachem.com\/es\/wp-json\/wp\/v2\/media?parent=6110"}],"wp:term":[{"taxonomy":"product_brand","embeddable":true,"href":"https:\/\/wpachem.com\/es\/wp-json\/wp\/v2\/product_brand?post=6110"},{"taxonomy":"product_cat","embeddable":true,"href":"https:\/\/wpachem.com\/es\/wp-json\/wp\/v2\/product_cat?post=6110"},{"taxonomy":"product_tag","embeddable":true,"href":"https:\/\/wpachem.com\/es\/wp-json\/wp\/v2\/product_tag?post=6110"}],"curies":[{"name":"wp","href":"https:\/\/api.w.org\/{rel}","templated":true}]}}