{"id":6113,"date":"2024-02-08T06:35:37","date_gmt":"2024-02-08T06:35:37","guid":{"rendered":"https:\/\/wpachem.com\/?post_type=product&#038;p=6113"},"modified":"2024-02-08T06:37:14","modified_gmt":"2024-02-08T06:37:14","slug":"l-lysine-cas-56-87-1","status":"publish","type":"product","link":"https:\/\/wpachem.com\/es\/producto\/l-lysine-cas-56-87-1\/","title":{"rendered":"L-lisina CAS 56-87-1"},"content":{"rendered":"<p><strong>Caracter\u00edstica<\/strong><\/p>\n<p>Polvo cristalino blanco<\/p>\n<p><strong>Solicitud:<\/strong><\/p>\n<p>La L-lisina tiene una amplia gama de usos en las industrias farmac\u00e9utica y alimentaria.<\/p>\n<p>En medicina, a menudo se utiliza como suplemento nutricional para mejorar la funci\u00f3n hep\u00e1tica y la inmunidad, y para prevenir enfermedades como la enfermedad hep\u00e1tica y la diabetes.<\/p>\n<p>En la industria alimentaria, la L-lisina se utiliza a menudo como materia prima del glutamato monos\u00f3dico para mejorar el efecto aromatizante.<\/p>\n<p>La L-lisina tambi\u00e9n se utiliza en leche en polvo para beb\u00e9s, galletas, cultivos iniciadores, fideos, alimentos estofados y otros alimentos para aumentar el gusto y el sabor de los alimentos.<\/p>","protected":false},"excerpt":{"rendered":"<p>Nombre del producto: L-Lisina<\/p>\n<p>N.\u00ba de CAS: 56-87-1<\/p>\n<p>MF:C6H14N2O2<\/p>\n<p>Aspecto: Polvo cristalino blanco<\/p>","protected":false},"featured_media":5182,"template":"","meta":{"_acf_changed":false,"_gspb_post_css":""},"product_brand":[],"product_cat":[69,55,103,24],"product_tag":[],"class_list":{"0":"post-6113","1":"product","2":"type-product","3":"status-publish","4":"has-post-thumbnail","6":"product_cat-more","7":"product_cat-food-additives","8":"product_cat-nutrition-enhancer","9":"product_cat-uncategorized","11":"first","12":"instock","13":"shipping-taxable","14":"product-type-simple"},"acf":[],"_links":{"self":[{"href":"https:\/\/wpachem.com\/es\/wp-json\/wp\/v2\/product\/6113","targetHints":{"allow":["GET"]}}],"collection":[{"href":"https:\/\/wpachem.com\/es\/wp-json\/wp\/v2\/product"}],"about":[{"href":"https:\/\/wpachem.com\/es\/wp-json\/wp\/v2\/types\/product"}],"version-history":[{"count":0,"href":"https:\/\/wpachem.com\/es\/wp-json\/wp\/v2\/product\/6113\/revisions"}],"wp:featuredmedia":[{"embeddable":true,"href":"https:\/\/wpachem.com\/es\/wp-json\/wp\/v2\/media\/5182"}],"wp:attachment":[{"href":"https:\/\/wpachem.com\/es\/wp-json\/wp\/v2\/media?parent=6113"}],"wp:term":[{"taxonomy":"product_brand","embeddable":true,"href":"https:\/\/wpachem.com\/es\/wp-json\/wp\/v2\/product_brand?post=6113"},{"taxonomy":"product_cat","embeddable":true,"href":"https:\/\/wpachem.com\/es\/wp-json\/wp\/v2\/product_cat?post=6113"},{"taxonomy":"product_tag","embeddable":true,"href":"https:\/\/wpachem.com\/es\/wp-json\/wp\/v2\/product_tag?post=6113"}],"curies":[{"name":"wp","href":"https:\/\/api.w.org\/{rel}","templated":true}]}}