{"id":6117,"date":"2024-02-08T06:39:12","date_gmt":"2024-02-08T06:39:12","guid":{"rendered":"https:\/\/wpachem.com\/?post_type=product&#038;p=6117"},"modified":"2024-02-08T06:40:59","modified_gmt":"2024-02-08T06:40:59","slug":"l-histidine-cas-71-00-1","status":"publish","type":"product","link":"https:\/\/wpachem.com\/es\/producto\/l-histidine-cas-71-00-1\/","title":{"rendered":"L-Histidina CAS 71-00-1"},"content":{"rendered":"<p><strong>Caracter\u00edstica<\/strong><\/p>\n<p>Polvo cristalino blanco<\/p>\n<p><strong>Solicitud:<\/strong><\/p>\n<p>Medicamentos de amino\u00e1cidos. Componente principal de la infusi\u00f3n de amino\u00e1cidos y de las preparaciones completas de amino\u00e1cidos. Uso y dosificaci\u00f3n: Se utiliza para tratar \u00falceras g\u00e1stricas, anemia, alergias, etc. Inyectar 5 ml de soluci\u00f3n de 4% por v\u00eda subcut\u00e1nea o intramuscular.<\/p>\n<p>Los aditivos alimentarios se utilizan como potenciadores del sabor y suplementos nutricionales. Su incorporaci\u00f3n en la elaboraci\u00f3n del pan puede mejorar el sabor. Se utilizan en alimentos infantiles y para pacientes postoperatorios.<\/p>","protected":false},"excerpt":{"rendered":"<p>Nombre del producto: L-histidina<\/p>\n<p>N.\u00ba de CAS: 71-00-1<\/p>\n<p>MF:C6H9N3O2<\/p>\n<p>Aspecto: Polvo cristalino blanco<\/p>","protected":false},"featured_media":5182,"template":"","meta":{"_acf_changed":false,"_gspb_post_css":""},"product_brand":[],"product_cat":[69,55,103,24],"product_tag":[],"class_list":{"0":"post-6117","1":"product","2":"type-product","3":"status-publish","4":"has-post-thumbnail","6":"product_cat-more","7":"product_cat-food-additives","8":"product_cat-nutrition-enhancer","9":"product_cat-uncategorized","11":"first","12":"instock","13":"shipping-taxable","14":"product-type-simple"},"acf":[],"_links":{"self":[{"href":"https:\/\/wpachem.com\/es\/wp-json\/wp\/v2\/product\/6117","targetHints":{"allow":["GET"]}}],"collection":[{"href":"https:\/\/wpachem.com\/es\/wp-json\/wp\/v2\/product"}],"about":[{"href":"https:\/\/wpachem.com\/es\/wp-json\/wp\/v2\/types\/product"}],"version-history":[{"count":0,"href":"https:\/\/wpachem.com\/es\/wp-json\/wp\/v2\/product\/6117\/revisions"}],"wp:featuredmedia":[{"embeddable":true,"href":"https:\/\/wpachem.com\/es\/wp-json\/wp\/v2\/media\/5182"}],"wp:attachment":[{"href":"https:\/\/wpachem.com\/es\/wp-json\/wp\/v2\/media?parent=6117"}],"wp:term":[{"taxonomy":"product_brand","embeddable":true,"href":"https:\/\/wpachem.com\/es\/wp-json\/wp\/v2\/product_brand?post=6117"},{"taxonomy":"product_cat","embeddable":true,"href":"https:\/\/wpachem.com\/es\/wp-json\/wp\/v2\/product_cat?post=6117"},{"taxonomy":"product_tag","embeddable":true,"href":"https:\/\/wpachem.com\/es\/wp-json\/wp\/v2\/product_tag?post=6117"}],"curies":[{"name":"wp","href":"https:\/\/api.w.org\/{rel}","templated":true}]}}