{"id":6119,"date":"2024-02-08T06:45:45","date_gmt":"2024-02-08T06:45:45","guid":{"rendered":"https:\/\/wpachem.com\/?post_type=product&#038;p=6119"},"modified":"2024-02-19T02:27:03","modified_gmt":"2024-02-19T02:27:03","slug":"soirulina-extract-cas-11016-15-2","status":"publish","type":"product","link":"https:\/\/wpachem.com\/es\/producto\/soirulina-extract-cas-11016-15-2\/","title":{"rendered":"Colorante alimentario natural Extracto de soirulina CAS 11016-15-2"},"content":{"rendered":"<p><strong>Caracter\u00edstica<\/strong><\/p>\n<p>Es un pigmento azul comestible natural extra\u00eddo y refinado de la espirulina. El componente principal es la ficocianina. La apariencia de la ficocianina extra\u00edda es de un polvo de color azul a azul oscuro. F\u00e1cilmente soluble en agua, la soluci\u00f3n tambi\u00e9n es de color azul brillante a azul oscuro; El producto tiene buena estabilidad a la luz y al calor, y la diferencia entre los pigmentos sint\u00e9ticos es que el azul de algas no tiene tinte y no mancha la lengua de azul despu\u00e9s del consumo. En el experimento de pH, se descubri\u00f3 que la soluci\u00f3n acuosa estable de algas azules entre 4,5 y 8,0 era azul cielo brillante y el color era relativamente puro, cercano al azul del cielo y el mar. En la actualidad, se puede aplicar a bebidas congeladas (excepto 03.04 hielo comestible), dulces, bebidas aromatizadas, gelatinas y muchos otros campos.<\/p>\n<p><strong>Solicitud:<\/strong><\/p>\n<p>En la actualidad, se puede aplicar a bebidas congeladas (excepto 03.04 hielo comestible), dulces, bebidas aromatizadas, gelatinas y muchos otros campos.<\/p>","protected":false},"excerpt":{"rendered":"<p>Nombre del producto: Extracto de soirulina<\/p>\n<p>Apariencia: polvo de azul a azul oscuro<\/p>","protected":false},"featured_media":6100,"template":"","meta":{"_acf_changed":false,"_gspb_post_css":""},"product_brand":[],"product_cat":[120],"product_tag":[],"class_list":{"0":"post-6119","1":"product","2":"type-product","3":"status-publish","4":"has-post-thumbnail","6":"product_cat-food-colorants","8":"first","9":"instock","10":"shipping-taxable","11":"product-type-simple"},"acf":[],"_links":{"self":[{"href":"https:\/\/wpachem.com\/es\/wp-json\/wp\/v2\/product\/6119","targetHints":{"allow":["GET"]}}],"collection":[{"href":"https:\/\/wpachem.com\/es\/wp-json\/wp\/v2\/product"}],"about":[{"href":"https:\/\/wpachem.com\/es\/wp-json\/wp\/v2\/types\/product"}],"version-history":[{"count":0,"href":"https:\/\/wpachem.com\/es\/wp-json\/wp\/v2\/product\/6119\/revisions"}],"wp:featuredmedia":[{"embeddable":true,"href":"https:\/\/wpachem.com\/es\/wp-json\/wp\/v2\/media\/6100"}],"wp:attachment":[{"href":"https:\/\/wpachem.com\/es\/wp-json\/wp\/v2\/media?parent=6119"}],"wp:term":[{"taxonomy":"product_brand","embeddable":true,"href":"https:\/\/wpachem.com\/es\/wp-json\/wp\/v2\/product_brand?post=6119"},{"taxonomy":"product_cat","embeddable":true,"href":"https:\/\/wpachem.com\/es\/wp-json\/wp\/v2\/product_cat?post=6119"},{"taxonomy":"product_tag","embeddable":true,"href":"https:\/\/wpachem.com\/es\/wp-json\/wp\/v2\/product_tag?post=6119"}],"curies":[{"name":"wp","href":"https:\/\/api.w.org\/{rel}","templated":true}]}}