{"id":6124,"date":"2024-02-08T06:52:27","date_gmt":"2024-02-08T06:52:27","guid":{"rendered":"https:\/\/wpachem.com\/?post_type=product&#038;p=6124"},"modified":"2024-02-19T02:25:27","modified_gmt":"2024-02-19T02:25:27","slug":"gardenia-green","status":"publish","type":"product","link":"https:\/\/wpachem.com\/es\/producto\/gardenia-green\/","title":{"rendered":"Colorante alimentario natural verde Gardenia"},"content":{"rendered":"<p><strong>Caracter\u00edstica<\/strong><\/p>\n<p>El verde gardenia es un pigmento elaborado a partir del pigmento azul gardenia. El pigmento verde gardenia se ha utilizado ampliamente y tambi\u00e9n es un colorante alimentario aprobado para su uso en China. Este producto es un polvo de color verde claro a verde oscuro mezclado con amarillo gardenia y azul gardenia, f\u00e1cilmente soluble en agua y soluci\u00f3n acuosa de etanol, insoluble en solventes org\u00e1nicos. Su tono y estabilidad casi no se ven afectados por el pH. Color brillante, fuerte poder colorante, resistencia a la luz, buena resistencia al calor, tono en el rango de pH 4 ~ 8 de buena estabilidad, sin precipitaci\u00f3n.<\/p>\n<p><strong>Solicitud:<\/strong><\/p>\n<p>1 Alimentos; Alimentos l\u00e1cteos, alimentos c\u00e1rnicos, alimentos horneados, alimentos con fideos, alimentos condimentados, etc.<br \/>\n2 Medicamentos; Alimentos saludables, rellenos, materias primas farmac\u00e9uticas, etc.<br \/>\n3. Manufacturas industriales; Industria petrolera, manufacturas, productos agr\u00edcolas, bater\u00edas, fundiciones de precisi\u00f3n, etc.<br \/>\n4 Productos de tabaco; Puede reemplazar a la glicerina como agente humectante anticongelante y aromatizante para el tabaco.<br \/>\n5 Cosm\u00e9ticos; Limpiador facial, crema de belleza, t\u00f3nico, champ\u00fa, mascarilla facial, etc.<br \/>\n6 Alimentos; Alimentos enlatados para mascotas, alimentos para animales, alimentos acu\u00e1ticos, alimentos vitam\u00ednicos, productos de medicina veterinaria, etc.<\/p>","protected":false},"excerpt":{"rendered":"<p>Nombre del producto: Gardenia Green<\/p>\n<p>Apariencia: un polvo de color verde claro a verde oscuro.<\/p>","protected":false},"featured_media":6130,"template":"","meta":{"_acf_changed":false,"_gspb_post_css":""},"product_brand":[],"product_cat":[120],"product_tag":[],"class_list":{"0":"post-6124","1":"product","2":"type-product","3":"status-publish","4":"has-post-thumbnail","6":"product_cat-food-colorants","8":"first","9":"instock","10":"shipping-taxable","11":"product-type-simple"},"acf":[],"_links":{"self":[{"href":"https:\/\/wpachem.com\/es\/wp-json\/wp\/v2\/product\/6124","targetHints":{"allow":["GET"]}}],"collection":[{"href":"https:\/\/wpachem.com\/es\/wp-json\/wp\/v2\/product"}],"about":[{"href":"https:\/\/wpachem.com\/es\/wp-json\/wp\/v2\/types\/product"}],"version-history":[{"count":0,"href":"https:\/\/wpachem.com\/es\/wp-json\/wp\/v2\/product\/6124\/revisions"}],"wp:featuredmedia":[{"embeddable":true,"href":"https:\/\/wpachem.com\/es\/wp-json\/wp\/v2\/media\/6130"}],"wp:attachment":[{"href":"https:\/\/wpachem.com\/es\/wp-json\/wp\/v2\/media?parent=6124"}],"wp:term":[{"taxonomy":"product_brand","embeddable":true,"href":"https:\/\/wpachem.com\/es\/wp-json\/wp\/v2\/product_brand?post=6124"},{"taxonomy":"product_cat","embeddable":true,"href":"https:\/\/wpachem.com\/es\/wp-json\/wp\/v2\/product_cat?post=6124"},{"taxonomy":"product_tag","embeddable":true,"href":"https:\/\/wpachem.com\/es\/wp-json\/wp\/v2\/product_tag?post=6124"}],"curies":[{"name":"wp","href":"https:\/\/api.w.org\/{rel}","templated":true}]}}