{"id":6148,"date":"2024-02-08T07:20:47","date_gmt":"2024-02-08T07:20:47","guid":{"rendered":"https:\/\/wpachem.com\/?post_type=product&#038;p=6148"},"modified":"2024-02-08T07:23:47","modified_gmt":"2024-02-08T07:23:47","slug":"moringa-leaf-extract","status":"publish","type":"product","link":"https:\/\/wpachem.com\/es\/producto\/moringa-leaf-extract\/","title":{"rendered":"Extracto de hoja de moringa"},"content":{"rendered":"<p><strong>Caracter\u00edstica<\/strong><\/p>\n<p>Polvo marr\u00f3n<\/p>\n<p><strong>Solicitud:<\/strong><\/p>\n<p>Laxante, antiinflamatorio, estimulante, potenciador del sistema inmunol\u00f3gico, mejora el sue\u00f1o, eliminaci\u00f3n del estre\u00f1imiento, p\u00e9rdida de peso y modelado corporal.<\/p>","protected":false},"excerpt":{"rendered":"<p>Nombre del producto: Extracto de hoja de moringa<\/p>\n<p>Apariencia: Polvo marr\u00f3n<\/p>","protected":false},"featured_media":5830,"template":"","meta":{"_acf_changed":false,"_gspb_post_css":""},"product_brand":[],"product_cat":[69,124,123,122,24],"product_tag":[],"class_list":{"0":"post-6148","1":"product","2":"type-product","3":"status-publish","4":"has-post-thumbnail","6":"product_cat-more","7":"product_cat-food-additives-plant-extract","8":"product_cat-health-product-raw-materials","9":"product_cat-plant-extract","10":"product_cat-uncategorized","12":"first","13":"instock","14":"shipping-taxable","15":"product-type-simple"},"acf":[],"_links":{"self":[{"href":"https:\/\/wpachem.com\/es\/wp-json\/wp\/v2\/product\/6148","targetHints":{"allow":["GET"]}}],"collection":[{"href":"https:\/\/wpachem.com\/es\/wp-json\/wp\/v2\/product"}],"about":[{"href":"https:\/\/wpachem.com\/es\/wp-json\/wp\/v2\/types\/product"}],"version-history":[{"count":0,"href":"https:\/\/wpachem.com\/es\/wp-json\/wp\/v2\/product\/6148\/revisions"}],"wp:featuredmedia":[{"embeddable":true,"href":"https:\/\/wpachem.com\/es\/wp-json\/wp\/v2\/media\/5830"}],"wp:attachment":[{"href":"https:\/\/wpachem.com\/es\/wp-json\/wp\/v2\/media?parent=6148"}],"wp:term":[{"taxonomy":"product_brand","embeddable":true,"href":"https:\/\/wpachem.com\/es\/wp-json\/wp\/v2\/product_brand?post=6148"},{"taxonomy":"product_cat","embeddable":true,"href":"https:\/\/wpachem.com\/es\/wp-json\/wp\/v2\/product_cat?post=6148"},{"taxonomy":"product_tag","embeddable":true,"href":"https:\/\/wpachem.com\/es\/wp-json\/wp\/v2\/product_tag?post=6148"}],"curies":[{"name":"wp","href":"https:\/\/api.w.org\/{rel}","templated":true}]}}