{"id":6152,"date":"2024-02-08T07:52:01","date_gmt":"2024-02-08T07:52:01","guid":{"rendered":"https:\/\/wpachem.com\/?post_type=product&#038;p=6152"},"modified":"2024-02-19T02:23:34","modified_gmt":"2024-02-19T02:23:34","slug":"curcumin","status":"publish","type":"product","link":"https:\/\/wpachem.com\/es\/producto\/curcumin\/","title":{"rendered":"Colorante alimentario natural curcumina"},"content":{"rendered":"<p><strong>Caracter\u00edstica<\/strong><\/p>\n<p>La curcumina de calidad alimentaria se extrae y refina del rizoma seco de la c\u00farcuma. El producto es un polvo cristalino de color amarillo anaranjado con un punto de fusi\u00f3n de 183\u00b0. Insoluble en agua y \u00e9ter, soluble en etanol y \u00e1cido ac\u00e9tico glacial, de color amarillo claro en condiciones \u00e1cidas, de color marr\u00f3n rojizo en condiciones alcalinas.<\/p>\n<p><strong>Solicitud:<\/strong><\/p>\n<p>Adecuado para la industria de bebidas, sin problemas de manchas de aceite, manchas y precipitaciones, con buena estabilidad, resistencia a la luz, resistencia al calor, resistencia a los \u00e1cidos y otras caracter\u00edsticas. Adem\u00e1s, tambi\u00e9n se puede utilizar en productos de pasta, bebidas congeladas, mermeladas, reposter\u00eda, reposter\u00eda y jaleas.<\/p>","protected":false},"excerpt":{"rendered":"<p>Nombre del producto: Clorofila<\/p>\n<p>Aspecto: polvo cristalino amarillo anaranjado<\/p>","protected":false},"featured_media":6159,"template":"","meta":{"_acf_changed":false,"_gspb_post_css":""},"product_brand":[],"product_cat":[120],"product_tag":[],"class_list":{"0":"post-6152","1":"product","2":"type-product","3":"status-publish","4":"has-post-thumbnail","6":"product_cat-food-colorants","8":"first","9":"instock","10":"shipping-taxable","11":"product-type-simple"},"acf":[],"_links":{"self":[{"href":"https:\/\/wpachem.com\/es\/wp-json\/wp\/v2\/product\/6152","targetHints":{"allow":["GET"]}}],"collection":[{"href":"https:\/\/wpachem.com\/es\/wp-json\/wp\/v2\/product"}],"about":[{"href":"https:\/\/wpachem.com\/es\/wp-json\/wp\/v2\/types\/product"}],"version-history":[{"count":0,"href":"https:\/\/wpachem.com\/es\/wp-json\/wp\/v2\/product\/6152\/revisions"}],"wp:featuredmedia":[{"embeddable":true,"href":"https:\/\/wpachem.com\/es\/wp-json\/wp\/v2\/media\/6159"}],"wp:attachment":[{"href":"https:\/\/wpachem.com\/es\/wp-json\/wp\/v2\/media?parent=6152"}],"wp:term":[{"taxonomy":"product_brand","embeddable":true,"href":"https:\/\/wpachem.com\/es\/wp-json\/wp\/v2\/product_brand?post=6152"},{"taxonomy":"product_cat","embeddable":true,"href":"https:\/\/wpachem.com\/es\/wp-json\/wp\/v2\/product_cat?post=6152"},{"taxonomy":"product_tag","embeddable":true,"href":"https:\/\/wpachem.com\/es\/wp-json\/wp\/v2\/product_tag?post=6152"}],"curies":[{"name":"wp","href":"https:\/\/api.w.org\/{rel}","templated":true}]}}