{"id":6168,"date":"2024-02-08T08:42:30","date_gmt":"2024-02-08T08:42:30","guid":{"rendered":"https:\/\/wpachem.com\/?post_type=product&#038;p=6168"},"modified":"2024-02-19T02:17:56","modified_gmt":"2024-02-19T02:17:56","slug":"lycopene","status":"publish","type":"product","link":"https:\/\/wpachem.com\/es\/producto\/lycopene\/","title":{"rendered":"Colorante alimentario natural licopeno"},"content":{"rendered":"<p><strong>Caracter\u00edstica<\/strong><\/p>\n<p>El licopeno es un carotenoide que se encuentra principalmente en los tomates, las zanahorias y otras verduras y frutas. Los seres humanos y los animales no pueden sintetizar carotenoides por s\u00ed solos, por lo que el licopeno debe obtenerse a trav\u00e9s de la dieta.<\/p>\n<p><strong>Solicitud:<\/strong><\/p>\n<p>Polvo o emulsi\u00f3n de color rojo oscuro:<\/p>\n<p>Tiene las caracter\u00edsticas de alta pureza, buena estabilidad y buena solubilidad en agua.<br \/>\nSe puede utilizar en productos l\u00e1cteos, dulces, bebidas, gelatinas, reposter\u00eda, condimentos y otros campos. La aplicaci\u00f3n en la industria alimentaria puede consultar la gama de uso GB2760.<br \/>\nLas formas de producto del licopeno en el campo de los alimentos saludables se centran principalmente en c\u00e1psulas blandas, bebidas s\u00f3lidas, caramelos en forma de tableta, etc.<\/p>","protected":false},"excerpt":{"rendered":"<p>Nombre del producto: Licopeno<\/p>\n<p>Aspecto: polvo de color rojo oscuro<\/p>","protected":false},"featured_media":4730,"template":"","meta":{"_acf_changed":false,"_gspb_post_css":""},"product_brand":[],"product_cat":[120],"product_tag":[],"class_list":{"0":"post-6168","1":"product","2":"type-product","3":"status-publish","4":"has-post-thumbnail","6":"product_cat-food-colorants","8":"first","9":"instock","10":"shipping-taxable","11":"product-type-simple"},"acf":[],"_links":{"self":[{"href":"https:\/\/wpachem.com\/es\/wp-json\/wp\/v2\/product\/6168","targetHints":{"allow":["GET"]}}],"collection":[{"href":"https:\/\/wpachem.com\/es\/wp-json\/wp\/v2\/product"}],"about":[{"href":"https:\/\/wpachem.com\/es\/wp-json\/wp\/v2\/types\/product"}],"version-history":[{"count":0,"href":"https:\/\/wpachem.com\/es\/wp-json\/wp\/v2\/product\/6168\/revisions"}],"wp:featuredmedia":[{"embeddable":true,"href":"https:\/\/wpachem.com\/es\/wp-json\/wp\/v2\/media\/4730"}],"wp:attachment":[{"href":"https:\/\/wpachem.com\/es\/wp-json\/wp\/v2\/media?parent=6168"}],"wp:term":[{"taxonomy":"product_brand","embeddable":true,"href":"https:\/\/wpachem.com\/es\/wp-json\/wp\/v2\/product_brand?post=6168"},{"taxonomy":"product_cat","embeddable":true,"href":"https:\/\/wpachem.com\/es\/wp-json\/wp\/v2\/product_cat?post=6168"},{"taxonomy":"product_tag","embeddable":true,"href":"https:\/\/wpachem.com\/es\/wp-json\/wp\/v2\/product_tag?post=6168"}],"curies":[{"name":"wp","href":"https:\/\/api.w.org\/{rel}","templated":true}]}}