{"id":6191,"date":"2024-02-08T09:01:25","date_gmt":"2024-02-08T09:01:25","guid":{"rendered":"https:\/\/wpachem.com\/?post_type=product&#038;p=6191"},"modified":"2024-02-19T02:16:56","modified_gmt":"2024-02-19T02:16:56","slug":"calcium-lactate-cas-814-80-2","status":"publish","type":"product","link":"https:\/\/wpachem.com\/es\/producto\/calcium-lactate-cas-814-80-2\/","title":{"rendered":"Colorante alimentario natural lactato de calcio CAS 814-80-2"},"content":{"rendered":"<p><strong>Caracter\u00edstica<\/strong><\/p>\n<p>Gr\u00e1nulos o polvo blanco<\/p>\n<p><strong>Solicitud:<\/strong><\/p>\n<p>1. Se puede utilizar en medicina para tratar la deficiencia de calcio, como el tetania, la displasia esquel\u00e9tica y el raquitismo; tambi\u00e9n se puede utilizar para la hipocalcemia en pacientes con insuficiencia renal cr\u00f3nica; tambi\u00e9n se puede utilizar como tratamiento auxiliar para enfermedades al\u00e9rgicas y tuberculosis; y tambi\u00e9n se puede utilizar como coagulante.<\/p>\n<p>2. Aditivo alimentario, agente de calcio utilizado como fortificante de la nutrici\u00f3n de los alimentos, utilizado en alimentos para beb\u00e9s, productos l\u00e1cteos, pan, pasteles, dulces, productos de soja, encurtidos, etc. Como suplemento de calcio, este producto es m\u00e1s f\u00e1cil de absorber que otros productos; uso Utilizado como agente amortiguador y agente leudante para pan y pasteles.<\/p>\n<p>3. Tambi\u00e9n se utiliza a menudo como endurecedor de la piel en el procesamiento de alimentos de frutas y verduras.<\/p>\n<p>4. Como aditivo alimentario en la industria de piensos, puede aumentar la producci\u00f3n de leche, reducir la tasa de rotura de la c\u00e1scara de los huevos y promover el crecimiento del ganado joven.<\/p>","protected":false},"excerpt":{"rendered":"<p>Nombre del producto: Lactato de calcio<\/p>\n<p>N.\u00ba CAS: 814-80-2<\/p>\n<p>MF:C3H8CaO3<\/p>\n<p>Aspecto: Gr\u00e1nulos o polvo blancos.<\/p>","protected":false},"featured_media":5182,"template":"","meta":{"_acf_changed":false,"_gspb_post_css":""},"product_brand":[],"product_cat":[55,103],"product_tag":[],"class_list":{"0":"post-6191","1":"product","2":"type-product","3":"status-publish","4":"has-post-thumbnail","6":"product_cat-food-additives","7":"product_cat-nutrition-enhancer","9":"first","10":"instock","11":"shipping-taxable","12":"product-type-simple"},"acf":[],"_links":{"self":[{"href":"https:\/\/wpachem.com\/es\/wp-json\/wp\/v2\/product\/6191","targetHints":{"allow":["GET"]}}],"collection":[{"href":"https:\/\/wpachem.com\/es\/wp-json\/wp\/v2\/product"}],"about":[{"href":"https:\/\/wpachem.com\/es\/wp-json\/wp\/v2\/types\/product"}],"version-history":[{"count":0,"href":"https:\/\/wpachem.com\/es\/wp-json\/wp\/v2\/product\/6191\/revisions"}],"wp:featuredmedia":[{"embeddable":true,"href":"https:\/\/wpachem.com\/es\/wp-json\/wp\/v2\/media\/5182"}],"wp:attachment":[{"href":"https:\/\/wpachem.com\/es\/wp-json\/wp\/v2\/media?parent=6191"}],"wp:term":[{"taxonomy":"product_brand","embeddable":true,"href":"https:\/\/wpachem.com\/es\/wp-json\/wp\/v2\/product_brand?post=6191"},{"taxonomy":"product_cat","embeddable":true,"href":"https:\/\/wpachem.com\/es\/wp-json\/wp\/v2\/product_cat?post=6191"},{"taxonomy":"product_tag","embeddable":true,"href":"https:\/\/wpachem.com\/es\/wp-json\/wp\/v2\/product_tag?post=6191"}],"curies":[{"name":"wp","href":"https:\/\/api.w.org\/{rel}","templated":true}]}}