{"id":6284,"date":"2024-02-19T02:12:06","date_gmt":"2024-02-19T02:12:06","guid":{"rendered":"https:\/\/wpachem.com\/?post_type=product&#038;p=6284"},"modified":"2024-02-19T02:16:12","modified_gmt":"2024-02-19T02:16:12","slug":"vegetable-black-cas1333-86-4","status":"publish","type":"product","link":"https:\/\/wpachem.com\/es\/producto\/vegetable-black-cas1333-86-4\/","title":{"rendered":"Colorante alimentario natural vegetal negro CAS1333-86-4"},"content":{"rendered":"<p><strong>Caracter\u00edstica<\/strong><\/p>\n<p>Utilizando plantas como materia prima, los aditivos alimentarios producidos por la carbonizaci\u00f3n y refinaci\u00f3n de part\u00edculas de polvo de negro de humo de plantas, inodoros, ins\u00edpidos, insolubles en agua y disolventes org\u00e1nicos, insolubles en estabilidad qu\u00edmica \u00e1cida y alcalina, no cambian con la luz ni con altas temperaturas, pero en el aire se puede quemar en di\u00f3xido de carbono debido a una gran superficie y una adhesi\u00f3n superficial especial, tiene una gran capacidad de cobertura y coloraci\u00f3n.<\/p>\n<p><strong>Solicitud:<\/strong><\/p>\n<ol>\n<li>La funci\u00f3n principal del negro de carb\u00f3n vegetal es utilizar como melanina, coadyuvantes de procesamiento comestibles y adsorbentes, por lo que se puede ver que el negro de carb\u00f3n vegetal es comestible. En otras palabras, el efecto del negro de humo vegetal es utilizarlo como colorante aditivo alimentario.<\/li>\n<li>El negro de humo vegetal se puede utilizar en dulces, galletas, pasteles, productos horneados, cereales y productos de cereales, productos l\u00e1cteos, az\u00facar y alimentos manchados de az\u00facar, arroz, decoraci\u00f3n y membranas con hielo, productos de harina.<\/li>\n<\/ol>","protected":false},"excerpt":{"rendered":"<p>Nombre del producto: negro vegetal<\/p>\n<p>Aspecto: part\u00edculas de polvo negro,<\/p>","protected":false},"featured_media":6081,"template":"","meta":{"_acf_changed":false,"_gspb_post_css":""},"product_brand":[],"product_cat":[120],"product_tag":[],"class_list":{"0":"post-6284","1":"product","2":"type-product","3":"status-publish","4":"has-post-thumbnail","6":"product_cat-food-colorants","8":"first","9":"instock","10":"shipping-taxable","11":"product-type-simple"},"acf":[],"_links":{"self":[{"href":"https:\/\/wpachem.com\/es\/wp-json\/wp\/v2\/product\/6284","targetHints":{"allow":["GET"]}}],"collection":[{"href":"https:\/\/wpachem.com\/es\/wp-json\/wp\/v2\/product"}],"about":[{"href":"https:\/\/wpachem.com\/es\/wp-json\/wp\/v2\/types\/product"}],"version-history":[{"count":0,"href":"https:\/\/wpachem.com\/es\/wp-json\/wp\/v2\/product\/6284\/revisions"}],"wp:featuredmedia":[{"embeddable":true,"href":"https:\/\/wpachem.com\/es\/wp-json\/wp\/v2\/media\/6081"}],"wp:attachment":[{"href":"https:\/\/wpachem.com\/es\/wp-json\/wp\/v2\/media?parent=6284"}],"wp:term":[{"taxonomy":"product_brand","embeddable":true,"href":"https:\/\/wpachem.com\/es\/wp-json\/wp\/v2\/product_brand?post=6284"},{"taxonomy":"product_cat","embeddable":true,"href":"https:\/\/wpachem.com\/es\/wp-json\/wp\/v2\/product_cat?post=6284"},{"taxonomy":"product_tag","embeddable":true,"href":"https:\/\/wpachem.com\/es\/wp-json\/wp\/v2\/product_tag?post=6284"}],"curies":[{"name":"wp","href":"https:\/\/api.w.org\/{rel}","templated":true}]}}