{"id":6316,"date":"2024-02-19T02:43:39","date_gmt":"2024-02-19T02:43:39","guid":{"rendered":"https:\/\/wpachem.com\/?post_type=product&#038;p=6316"},"modified":"2024-02-19T02:43:39","modified_gmt":"2024-02-19T02:43:39","slug":"13-dihydroxyacetone-cas-96-26-4","status":"publish","type":"product","link":"https:\/\/wpachem.com\/es\/producto\/13-dihydroxyacetone-cas-96-26-4\/","title":{"rendered":"1,3-Dihidroxiacetona CAS 96-26-4"},"content":{"rendered":"<p><strong>Caracter\u00edstica<\/strong><\/p>\n<p>El DHA es un cristal blanco en polvo con un sabor dulce que generalmente se deriva de fuentes vegetales como la remolacha y la ca\u00f1a de az\u00facar y se obtiene mediante la fermentaci\u00f3n del glicerol. Se utiliza como protector solar y agente bronceador de la piel; la acetona Dilight tambi\u00e9n tiene el efecto de reducir la grasa corporal del cerdo y se puede utilizar como aditivo alimentario para mejorar la tasa de carne magra.<\/p>\n<p><strong>Solicitud:<\/strong><\/p>\n<ol>\n<li>Utilizada en la industria cosm\u00e9tica, la dihidroxiacetona se utiliza principalmente como materia prima de f\u00f3rmula para cosm\u00e9ticos, especialmente como protector solar con efectos especiales, que puede prevenir la evaporaci\u00f3n excesiva de la humedad de la piel y desempe\u00f1ar un papel en la hidrataci\u00f3n, protecci\u00f3n solar y protecci\u00f3n contra la radiaci\u00f3n ultravioleta. Adem\u00e1s, el grupo funcional cetona en DHA puede reaccionar con el amino\u00e1cido y el grupo amino de la queratina de la piel para formar un pol\u00edmero marr\u00f3n, hace que la piel de las personas produzca un marr\u00f3n artificial, por lo que tambi\u00e9n se puede utilizar como agente de simulaci\u00f3n para el color de la piel bronceada, y parece la misma piel marr\u00f3n o bronceada que est\u00e1 expuesta al sol durante mucho tiempo, lo que la hace lucir muy hermosa.<\/li>\n<li>Mejorar la tasa de carne magra de los cerdos.<\/li>\n<\/ol>","protected":false},"excerpt":{"rendered":"<p>Nombre del producto: 1,3-Dihidroxiacetona<\/p>\n<p>N\u00famero de serie: 96-26-4<\/p>\n<p>N\u00famero de modelo: C3H6O3<\/p>\n<p>Aspecto: cristal blanco en polvo<\/p>","protected":false},"featured_media":6317,"template":"","meta":{"_acf_changed":false,"_gspb_post_css":""},"product_brand":[],"product_cat":[60,128],"product_tag":[],"class_list":{"0":"post-6316","1":"product","2":"type-product","3":"status-publish","4":"has-post-thumbnail","6":"product_cat-cosmetic-ingredients","7":"product_cat-tanning-agent","9":"first","10":"instock","11":"shipping-taxable","12":"product-type-simple"},"acf":[],"_links":{"self":[{"href":"https:\/\/wpachem.com\/es\/wp-json\/wp\/v2\/product\/6316","targetHints":{"allow":["GET"]}}],"collection":[{"href":"https:\/\/wpachem.com\/es\/wp-json\/wp\/v2\/product"}],"about":[{"href":"https:\/\/wpachem.com\/es\/wp-json\/wp\/v2\/types\/product"}],"version-history":[{"count":0,"href":"https:\/\/wpachem.com\/es\/wp-json\/wp\/v2\/product\/6316\/revisions"}],"wp:featuredmedia":[{"embeddable":true,"href":"https:\/\/wpachem.com\/es\/wp-json\/wp\/v2\/media\/6317"}],"wp:attachment":[{"href":"https:\/\/wpachem.com\/es\/wp-json\/wp\/v2\/media?parent=6316"}],"wp:term":[{"taxonomy":"product_brand","embeddable":true,"href":"https:\/\/wpachem.com\/es\/wp-json\/wp\/v2\/product_brand?post=6316"},{"taxonomy":"product_cat","embeddable":true,"href":"https:\/\/wpachem.com\/es\/wp-json\/wp\/v2\/product_cat?post=6316"},{"taxonomy":"product_tag","embeddable":true,"href":"https:\/\/wpachem.com\/es\/wp-json\/wp\/v2\/product_tag?post=6316"}],"curies":[{"name":"wp","href":"https:\/\/api.w.org\/{rel}","templated":true}]}}