{"id":6319,"date":"2024-02-19T02:48:01","date_gmt":"2024-02-19T02:48:01","guid":{"rendered":"https:\/\/wpachem.com\/?post_type=product&#038;p=6319"},"modified":"2024-02-19T02:48:02","modified_gmt":"2024-02-19T02:48:02","slug":"erythrulose-cas-40031-31-0","status":"publish","type":"product","link":"https:\/\/wpachem.com\/es\/producto\/erythrulose-cas-40031-31-0\/","title":{"rendered":"Eritrulosa CAS 40031-31-0"},"content":{"rendered":"<p><strong>Caracter\u00edstica<\/strong><\/p>\n<p>Es un tipo de melanina, el color es marr\u00f3n y la reacci\u00f3n amino del p\u00e9ptido de prote\u00edna de la superficie de la piel producir\u00e1 un producto de polimerizaci\u00f3n marr\u00f3n, es un agente bronceador natural, en comparaci\u00f3n con los reactivos qu\u00edmicos, el bronceado con eritritona es m\u00e1s seguro y duradero, m\u00e1s belleza real y promueve eficazmente la retenci\u00f3n de humedad de la piel, previene la p\u00e9rdida de humedad de la piel.<\/p>","protected":false},"excerpt":{"rendered":"<p>Nombre del producto: Eritrulosa<\/p>\n<p>CAS: 40031-31-0<\/p>\n<p>N\u00famero molecular: C4H8O4<\/p>\n<p>Aspecto: Es un tipo de melanina, el color es marr\u00f3n.<\/p>","protected":false},"featured_media":4198,"template":"","meta":{"_acf_changed":false,"_gspb_post_css":""},"product_brand":[],"product_cat":[60,128],"product_tag":[],"class_list":{"0":"post-6319","1":"product","2":"type-product","3":"status-publish","4":"has-post-thumbnail","6":"product_cat-cosmetic-ingredients","7":"product_cat-tanning-agent","9":"first","10":"instock","11":"shipping-taxable","12":"product-type-simple"},"acf":[],"_links":{"self":[{"href":"https:\/\/wpachem.com\/es\/wp-json\/wp\/v2\/product\/6319","targetHints":{"allow":["GET"]}}],"collection":[{"href":"https:\/\/wpachem.com\/es\/wp-json\/wp\/v2\/product"}],"about":[{"href":"https:\/\/wpachem.com\/es\/wp-json\/wp\/v2\/types\/product"}],"version-history":[{"count":0,"href":"https:\/\/wpachem.com\/es\/wp-json\/wp\/v2\/product\/6319\/revisions"}],"wp:featuredmedia":[{"embeddable":true,"href":"https:\/\/wpachem.com\/es\/wp-json\/wp\/v2\/media\/4198"}],"wp:attachment":[{"href":"https:\/\/wpachem.com\/es\/wp-json\/wp\/v2\/media?parent=6319"}],"wp:term":[{"taxonomy":"product_brand","embeddable":true,"href":"https:\/\/wpachem.com\/es\/wp-json\/wp\/v2\/product_brand?post=6319"},{"taxonomy":"product_cat","embeddable":true,"href":"https:\/\/wpachem.com\/es\/wp-json\/wp\/v2\/product_cat?post=6319"},{"taxonomy":"product_tag","embeddable":true,"href":"https:\/\/wpachem.com\/es\/wp-json\/wp\/v2\/product_tag?post=6319"}],"curies":[{"name":"wp","href":"https:\/\/api.w.org\/{rel}","templated":true}]}}