{"id":6321,"date":"2024-02-19T02:54:40","date_gmt":"2024-02-19T02:54:40","guid":{"rendered":"https:\/\/wpachem.com\/?post_type=product&#038;p=6321"},"modified":"2024-02-19T02:54:40","modified_gmt":"2024-02-19T02:54:40","slug":"kojic-acid-dipalmitate-cas-79725-98-7","status":"publish","type":"product","link":"https:\/\/wpachem.com\/es\/producto\/kojic-acid-dipalmitate-cas-79725-98-7\/","title":{"rendered":"Dipalmitato de \u00e1cido k\u00f3jico CAS 79725-98-7"},"content":{"rendered":"<p><strong>Caracter\u00edstica<\/strong><\/p>\n<p>El dipalmitato de \u00e1cido k\u00f3jico es un derivado del \u00e1cido k\u00f3jico modificado que supera la inestabilidad del \u00e1cido k\u00f3jico a la luz, el calor y los iones met\u00e1licos, y mantiene el efecto del \u00e1cido k\u00f3jico inhibiendo la actividad de la tirosinasa y bloqueando la formaci\u00f3n de melanina en la piel. Es una nueva generaci\u00f3n de agente activo blanqueador eficiente. El dipalmitato de \u00e1cido k\u00f3jico como agente activo blanqueador soluble en grasa, adem\u00e1s de tener una formulaci\u00f3n m\u00e1s f\u00e1cil, puede ser absorbido m\u00e1s eficazmente por la piel y, al mismo tiempo, aporta un buen efecto hidratante a la piel.<\/p>\n<p><strong>Solicitud:<\/strong><\/p>\n<ol>\n<li>Utilizado como aditivo blanqueador cosm\u00e9tico.<\/li>\n<\/ol>","protected":false},"excerpt":{"rendered":"<p>Nombre del producto: dipalmitato de \u00e1cido k\u00f3jico CAS 79725-98-7<\/p>\n<p>CAS\uff1a79725-98-7<\/p>\n<p>Frecuencia intermedia: C38H66O6<\/p>\n<p>Aspecto: Polvo cristalino blanco o casi blanco.<\/p>","protected":false},"featured_media":6317,"template":"","meta":{"_acf_changed":false,"_gspb_post_css":""},"product_brand":[],"product_cat":[60,129],"product_tag":[],"class_list":{"0":"post-6321","1":"product","2":"type-product","3":"status-publish","4":"has-post-thumbnail","6":"product_cat-cosmetic-ingredients","7":"product_cat-whitening-agent","9":"first","10":"instock","11":"shipping-taxable","12":"product-type-simple"},"acf":[],"_links":{"self":[{"href":"https:\/\/wpachem.com\/es\/wp-json\/wp\/v2\/product\/6321","targetHints":{"allow":["GET"]}}],"collection":[{"href":"https:\/\/wpachem.com\/es\/wp-json\/wp\/v2\/product"}],"about":[{"href":"https:\/\/wpachem.com\/es\/wp-json\/wp\/v2\/types\/product"}],"version-history":[{"count":0,"href":"https:\/\/wpachem.com\/es\/wp-json\/wp\/v2\/product\/6321\/revisions"}],"wp:featuredmedia":[{"embeddable":true,"href":"https:\/\/wpachem.com\/es\/wp-json\/wp\/v2\/media\/6317"}],"wp:attachment":[{"href":"https:\/\/wpachem.com\/es\/wp-json\/wp\/v2\/media?parent=6321"}],"wp:term":[{"taxonomy":"product_brand","embeddable":true,"href":"https:\/\/wpachem.com\/es\/wp-json\/wp\/v2\/product_brand?post=6321"},{"taxonomy":"product_cat","embeddable":true,"href":"https:\/\/wpachem.com\/es\/wp-json\/wp\/v2\/product_cat?post=6321"},{"taxonomy":"product_tag","embeddable":true,"href":"https:\/\/wpachem.com\/es\/wp-json\/wp\/v2\/product_tag?post=6321"}],"curies":[{"name":"wp","href":"https:\/\/api.w.org\/{rel}","templated":true}]}}