{"id":6324,"date":"2024-02-19T03:15:07","date_gmt":"2024-02-19T03:15:07","guid":{"rendered":"https:\/\/wpachem.com\/?post_type=product&#038;p=6324"},"modified":"2024-02-19T03:15:07","modified_gmt":"2024-02-19T03:15:07","slug":"vitamin-c-ethyl-ether-cas-86404-04-8","status":"publish","type":"product","link":"https:\/\/wpachem.com\/es\/producto\/vitamin-c-ethyl-ether-cas-86404-04-8\/","title":{"rendered":"\u00c9ter et\u00edlico de vitamina C CAS 86404-04-8"},"content":{"rendered":"<p><strong>Caracter\u00edstica<\/strong><\/p>\n<p>Inhibe la actividad de la tirosinasa, inhibe la formaci\u00f3n de melanina, reduce la melanina a incolora, para blanquear la piel de manera eficiente.<\/p>\n<p><strong>Solicitud:<\/strong><\/p>\n<ol>\n<li>Inhibir la actividad tirosinasa y bloquear la formaci\u00f3n de melanina actuando sobre Cu2+;<\/li>\n<li>\u00a0Blanqueamiento y eliminaci\u00f3n de pecas muy eficaz (2% cuando se a\u00f1ade);<\/li>\n<li>\u00a0Resiste la inflamaci\u00f3n causada por el libro fotoqu\u00edmico, tiene un fuerte efecto antibacteriano y antiinflamatorio;<\/li>\n<li>Mejorar la piel apagada y darle elasticidad a la piel;<\/li>\n<li>Repara la actividad de las c\u00e9lulas de la piel y promueve la producci\u00f3n de col\u00e1geno.<\/li>\n<\/ol>","protected":false},"excerpt":{"rendered":"<p>Nombre del producto: \u00c9ter et\u00edlico de vitamina C<\/p>\n<p>CAS\uff1a86404-04-8<\/p>\n<p>Frecuencia intermedia: C8H12O6<\/p>\n<p>Apariencia: S\u00f3lido blanco a casi blanco<\/p>","protected":false},"featured_media":5179,"template":"","meta":{"_acf_changed":false,"_gspb_post_css":""},"product_brand":[],"product_cat":[129,60],"product_tag":[],"class_list":{"0":"post-6324","1":"product","2":"type-product","3":"status-publish","4":"has-post-thumbnail","6":"product_cat-whitening-agent","7":"product_cat-cosmetic-ingredients","9":"first","10":"instock","11":"shipping-taxable","12":"product-type-simple"},"acf":[],"_links":{"self":[{"href":"https:\/\/wpachem.com\/es\/wp-json\/wp\/v2\/product\/6324","targetHints":{"allow":["GET"]}}],"collection":[{"href":"https:\/\/wpachem.com\/es\/wp-json\/wp\/v2\/product"}],"about":[{"href":"https:\/\/wpachem.com\/es\/wp-json\/wp\/v2\/types\/product"}],"version-history":[{"count":0,"href":"https:\/\/wpachem.com\/es\/wp-json\/wp\/v2\/product\/6324\/revisions"}],"wp:featuredmedia":[{"embeddable":true,"href":"https:\/\/wpachem.com\/es\/wp-json\/wp\/v2\/media\/5179"}],"wp:attachment":[{"href":"https:\/\/wpachem.com\/es\/wp-json\/wp\/v2\/media?parent=6324"}],"wp:term":[{"taxonomy":"product_brand","embeddable":true,"href":"https:\/\/wpachem.com\/es\/wp-json\/wp\/v2\/product_brand?post=6324"},{"taxonomy":"product_cat","embeddable":true,"href":"https:\/\/wpachem.com\/es\/wp-json\/wp\/v2\/product_cat?post=6324"},{"taxonomy":"product_tag","embeddable":true,"href":"https:\/\/wpachem.com\/es\/wp-json\/wp\/v2\/product_tag?post=6324"}],"curies":[{"name":"wp","href":"https:\/\/api.w.org\/{rel}","templated":true}]}}