{"id":6329,"date":"2024-02-19T03:28:08","date_gmt":"2024-02-19T03:28:08","guid":{"rendered":"https:\/\/wpachem.com\/?post_type=product&#038;p=6329"},"modified":"2024-02-19T03:39:06","modified_gmt":"2024-02-19T03:39:06","slug":"trimethylglycine-cas-107-43-7","status":"publish","type":"product","link":"https:\/\/wpachem.com\/es\/producto\/trimethylglycine-cas-107-43-7\/","title":{"rendered":"Trimetilglicina CAS 107-43-7"},"content":{"rendered":"<p><strong>Caracter\u00edstica<\/strong><\/p>\n<p>Rendimiento humectante \u00fanico superior, sensaci\u00f3n particularmente suave<\/p>\n<p><strong>Solicitud:<\/strong><\/p>\n<ol>\n<li>Es un alcaloide de amonio cuaternario. La trimetilglicina es una nueva sustancia qu\u00edmica fina que puede usarse ampliamente en alimentos, medicinas, productos qu\u00edmicos diarios, impresi\u00f3n y te\u00f1ido, productos qu\u00edmicos y otros campos. La trimetilglicina es un aditivo nutritivo eficaz y de alta calidad. La trimetilglicina de grado farmac\u00e9utico se puede utilizar en la industria farmac\u00e9utica, cosm\u00e9tica, alimentaria y de zumos, as\u00ed como en materiales dentales, adem\u00e1s de la beta\u00edna, tambi\u00e9n se puede utilizar en la industria de la fermentaci\u00f3n.<\/li>\n<li>La trimetilglicina de grado alimenticio se puede utilizar como aditivo alimentario, es un donante de metilo natural y eficiente, puede reemplazar parcialmente la metionina y el cloruro de colina, reducir el costo del alimento, reducir la grasa dorsal del cerdo, mejorar la tasa de carne magra y la calidad de la canal.<\/li>\n<li>Reducir los l\u00edpidos en sangre, h\u00edgado antigraso; antienvejecimiento<\/li>\n<li>Se utiliza como aditivo alimentario para promover el crecimiento animal y mejorar la resistencia a las enfermedades.<\/li>\n<\/ol>","protected":false},"excerpt":{"rendered":"<p>Nombre del producto: Trimetilglicina<\/p>\n<p>CAS\uff1a107-43-7<\/p>\n<p>Frecuencia intermedia: C5H11NO2<\/p>\n<p>Aspecto: cristales incoloros o polvos cristalinos.<\/p>","protected":false},"featured_media":5171,"template":"","meta":{"_acf_changed":false,"_gspb_post_css":""},"product_brand":[],"product_cat":[132,60],"product_tag":[],"class_list":{"0":"post-6329","1":"product","2":"type-product","3":"status-publish","4":"has-post-thumbnail","6":"product_cat-moisturizing","7":"product_cat-cosmetic-ingredients","9":"first","10":"instock","11":"shipping-taxable","12":"product-type-simple"},"acf":[],"_links":{"self":[{"href":"https:\/\/wpachem.com\/es\/wp-json\/wp\/v2\/product\/6329","targetHints":{"allow":["GET"]}}],"collection":[{"href":"https:\/\/wpachem.com\/es\/wp-json\/wp\/v2\/product"}],"about":[{"href":"https:\/\/wpachem.com\/es\/wp-json\/wp\/v2\/types\/product"}],"version-history":[{"count":0,"href":"https:\/\/wpachem.com\/es\/wp-json\/wp\/v2\/product\/6329\/revisions"}],"wp:featuredmedia":[{"embeddable":true,"href":"https:\/\/wpachem.com\/es\/wp-json\/wp\/v2\/media\/5171"}],"wp:attachment":[{"href":"https:\/\/wpachem.com\/es\/wp-json\/wp\/v2\/media?parent=6329"}],"wp:term":[{"taxonomy":"product_brand","embeddable":true,"href":"https:\/\/wpachem.com\/es\/wp-json\/wp\/v2\/product_brand?post=6329"},{"taxonomy":"product_cat","embeddable":true,"href":"https:\/\/wpachem.com\/es\/wp-json\/wp\/v2\/product_cat?post=6329"},{"taxonomy":"product_tag","embeddable":true,"href":"https:\/\/wpachem.com\/es\/wp-json\/wp\/v2\/product_tag?post=6329"}],"curies":[{"name":"wp","href":"https:\/\/api.w.org\/{rel}","templated":true}]}}