{"id":6338,"date":"2024-02-19T05:33:42","date_gmt":"2024-02-19T05:33:42","guid":{"rendered":"https:\/\/wpachem.com\/?post_type=product&#038;p=6338"},"modified":"2024-02-19T05:33:42","modified_gmt":"2024-02-19T05:33:42","slug":"13-butanediol-cas-107-88-0","status":"publish","type":"product","link":"https:\/\/wpachem.com\/es\/producto\/13-butanediol-cas-107-88-0\/","title":{"rendered":"1,3-butanodiol CAS 107-88-0"},"content":{"rendered":"<p><strong>Caracter\u00edstica<\/strong><\/p>\n<p>Hidratante fuerte, antial\u00e9rgico, apto para todos los productos para el cuidado de la piel.<\/p>\n<p><strong>Solicitud:<\/strong><\/p>\n<ol>\n<li>Un poli\u00e9ster insaturado hecho de 1, 3-butanodiol o etilenglicol mezclado como materia prima para resina de poli\u00e9ster y resina alqu\u00eddica tiene buena resistencia al agua, suavidad y resistencia al impacto.<\/li>\n<li>Plastificante de poli\u00e9ster elaborado a base de 1,3-butanodiol y \u00e1cido dib\u00e1sico (\u00e1cido ad\u00edpico), de baja volatilidad, resistencia a la migraci\u00f3n, resistencia al agua jabonosa, resistencia a disolventes y resistencia al aceite.<\/li>\n<li>Como materia prima para el recubrimiento de poliuretano como materia prima para el poli\u00e9ster saturado del recubrimiento de poliuretano, el producto resultante puede obtener una buena resistencia al agua en la pintura sin recubrimiento y el efecto es mejor que el de otros dioles.<\/li>\n<li>Utilizado como agente humectante y suavizante, el 1, 3-butanodiol tiene excelentes propiedades humectantes y baja toxicidad. Despu\u00e9s de convertirse en \u00e9ster, puede usarse como humectante y suavizante para cigarrillos, celuloide, pel\u00edculas de Vinylon, papel y fibra.<\/li>\n<li>Los disolventes utilizados como productos qu\u00edmicos finos se pueden utilizar en la formulaci\u00f3n de t\u00f3nicos, cremas, pastas y pastas dentales. El 1, 3-butanodiol tambi\u00e9n es un intermediario en medicamentos y colorantes.<\/li>\n<\/ol>","protected":false},"excerpt":{"rendered":"<p>Nombre del producto: 1,3-butanodiol<\/p>\n<p>CAS\uff1a107-88-0<\/p>\n<p>Frecuencia intermedia: C4H10O2<\/p>\n<p>Aspecto: L\u00edquido transparente de incoloro a amarillo.<\/p>","protected":false},"featured_media":4766,"template":"","meta":{"_acf_changed":false,"_gspb_post_css":""},"product_brand":[],"product_cat":[60,132],"product_tag":[],"class_list":{"0":"post-6338","1":"product","2":"type-product","3":"status-publish","4":"has-post-thumbnail","6":"product_cat-cosmetic-ingredients","7":"product_cat-moisturizing","9":"first","10":"instock","11":"shipping-taxable","12":"product-type-simple"},"acf":[],"_links":{"self":[{"href":"https:\/\/wpachem.com\/es\/wp-json\/wp\/v2\/product\/6338","targetHints":{"allow":["GET"]}}],"collection":[{"href":"https:\/\/wpachem.com\/es\/wp-json\/wp\/v2\/product"}],"about":[{"href":"https:\/\/wpachem.com\/es\/wp-json\/wp\/v2\/types\/product"}],"version-history":[{"count":0,"href":"https:\/\/wpachem.com\/es\/wp-json\/wp\/v2\/product\/6338\/revisions"}],"wp:featuredmedia":[{"embeddable":true,"href":"https:\/\/wpachem.com\/es\/wp-json\/wp\/v2\/media\/4766"}],"wp:attachment":[{"href":"https:\/\/wpachem.com\/es\/wp-json\/wp\/v2\/media?parent=6338"}],"wp:term":[{"taxonomy":"product_brand","embeddable":true,"href":"https:\/\/wpachem.com\/es\/wp-json\/wp\/v2\/product_brand?post=6338"},{"taxonomy":"product_cat","embeddable":true,"href":"https:\/\/wpachem.com\/es\/wp-json\/wp\/v2\/product_cat?post=6338"},{"taxonomy":"product_tag","embeddable":true,"href":"https:\/\/wpachem.com\/es\/wp-json\/wp\/v2\/product_tag?post=6338"}],"curies":[{"name":"wp","href":"https:\/\/api.w.org\/{rel}","templated":true}]}}