{"id":6340,"date":"2024-02-19T05:53:21","date_gmt":"2024-02-19T05:53:21","guid":{"rendered":"https:\/\/wpachem.com\/?post_type=product&#038;p=6340"},"modified":"2024-02-19T05:53:21","modified_gmt":"2024-02-19T05:53:21","slug":"jojoba-oil-cas-61789-91-1","status":"publish","type":"product","link":"https:\/\/wpachem.com\/es\/producto\/jojoba-oil-cas-61789-91-1\/","title":{"rendered":"ACEITE DE JOJOBA CAS 61789-91-1"},"content":{"rendered":"<p><strong>Caracter\u00edstica<\/strong><\/p>\n<p>El aceite de jojoba es un extracto de la planta nativa mexicana Jojoba, que hidrata, tensa la piel, suaviza la grasa y reduce la inflamaci\u00f3n. El aceite de jojoba no es un aceite, sino una cera l\u00edquida que se solidifica a bajas temperaturas. Estrictamente hablando, el aceite de jojoba no es en realidad un aceite, sino una cera l\u00edquida, por lo que se solidifica a bajas temperaturas. El aceite de jojoba es el aceite base m\u00e1s permeable, se absorbe f\u00e1cilmente por la piel, es refrescante e hidratante, no es grasoso, puede restablecer el equilibrio del pH de la piel, eliminar las arrugas, mejorar eficazmente la piel grasa, regular la funci\u00f3n de secreci\u00f3n de las gl\u00e1ndulas seb\u00e1ceas, reducir los poros y tambi\u00e9n es el mejor aceite hidratante para la piel.<\/p>\n<p><strong>Solicitud:<\/strong><\/p>\n<ol>\n<li>El aceite de jojoba hidrata y retiene el agua: tiene el efecto de regular el agua en la piel y es f\u00e1cilmente absorbido por la piel, lo que puede mejorar la barrera de agua de la piel.<\/li>\n<li>Aten\u00faa las l\u00edneas de expresi\u00f3n: rico en vitamina D y prote\u00ednas, es un buen aceite hidratante y humectante. Puede aumentar eficazmente la elasticidad de la piel y reducir la producci\u00f3n de l\u00edneas finas y secas. Tambi\u00e9n tiene un buen efecto de atenuaci\u00f3n de las arrugas que se han formado.<\/li>\n<li>Suaviza los poros: regula la secreci\u00f3n de aceite de la piel, ayuda a limpiar los poros y evita que se obstruyan. Puede regular la secreci\u00f3n de aceite de la piel grasa o mixta, apto para todo tipo de piel. Los excelentes resultados de cuidado del aceite de jojoba aportar\u00e1n la hidrataci\u00f3n adecuada a la piel, estabilizar\u00e1n la capa de aceite generada por la piel y la piel lucir\u00e1 suave y brillante nuevamente. Sigue us\u00e1ndolo durante un tiempo y podr\u00e1s aliviar la sequedad sensible.<\/li>\n<\/ol>\n<p>Como aceite base, es un aceite vers\u00e1til y agradable para la piel que se puede combinar con una variedad de aceites esenciales simples para todo tipo de piel.<\/p>","protected":false},"excerpt":{"rendered":"<p>Nombre del producto: ACEITE DE JOJOBA<\/p>\n<p>N\u00famero de serie: 61789-91-1<\/p>\n<p>Aspecto: Forma de cera l\u00edquida<\/p>","protected":false},"featured_media":5860,"template":"","meta":{"_acf_changed":false,"_gspb_post_css":""},"product_brand":[],"product_cat":[60,132],"product_tag":[],"class_list":{"0":"post-6340","1":"product","2":"type-product","3":"status-publish","4":"has-post-thumbnail","6":"product_cat-cosmetic-ingredients","7":"product_cat-moisturizing","9":"first","10":"instock","11":"shipping-taxable","12":"product-type-simple"},"acf":[],"_links":{"self":[{"href":"https:\/\/wpachem.com\/es\/wp-json\/wp\/v2\/product\/6340","targetHints":{"allow":["GET"]}}],"collection":[{"href":"https:\/\/wpachem.com\/es\/wp-json\/wp\/v2\/product"}],"about":[{"href":"https:\/\/wpachem.com\/es\/wp-json\/wp\/v2\/types\/product"}],"version-history":[{"count":0,"href":"https:\/\/wpachem.com\/es\/wp-json\/wp\/v2\/product\/6340\/revisions"}],"wp:featuredmedia":[{"embeddable":true,"href":"https:\/\/wpachem.com\/es\/wp-json\/wp\/v2\/media\/5860"}],"wp:attachment":[{"href":"https:\/\/wpachem.com\/es\/wp-json\/wp\/v2\/media?parent=6340"}],"wp:term":[{"taxonomy":"product_brand","embeddable":true,"href":"https:\/\/wpachem.com\/es\/wp-json\/wp\/v2\/product_brand?post=6340"},{"taxonomy":"product_cat","embeddable":true,"href":"https:\/\/wpachem.com\/es\/wp-json\/wp\/v2\/product_cat?post=6340"},{"taxonomy":"product_tag","embeddable":true,"href":"https:\/\/wpachem.com\/es\/wp-json\/wp\/v2\/product_tag?post=6340"}],"curies":[{"name":"wp","href":"https:\/\/api.w.org\/{rel}","templated":true}]}}