{"id":6343,"date":"2024-02-19T09:27:02","date_gmt":"2024-02-19T09:27:02","guid":{"rendered":"https:\/\/wpachem.com\/?post_type=product&#038;p=6343"},"modified":"2024-02-19T09:27:47","modified_gmt":"2024-02-19T09:27:47","slug":"peg-400-cas-25322-68-3","status":"publish","type":"product","link":"https:\/\/wpachem.com\/es\/producto\/peg-400-cas-25322-68-3\/","title":{"rendered":"PEG 400 CAS 25322-68-3"},"content":{"rendered":"<p><strong>Caracter\u00edstica<\/strong><\/p>\n<p>L\u00edquido viscoso incoloro o s\u00f3lido blanco. \u00a1Baja toxicidad! Soluble en agua y en numerosos disolventes org\u00e1nicos, f\u00e1cilmente soluble en hidrocarburos arom\u00e1ticos y ligeramente soluble en hidrocarburos alif\u00e1ticos.<\/p>\n<p><strong>Solicitud:<\/strong><\/p>\n<p>El polietilenglicol y el \u00e9ster de \u00e1cido graso de polietilenglicol se utilizan ampliamente en la industria cosm\u00e9tica y farmac\u00e9utica.<\/p>\n<ol>\n<li>El polietilenglicol (Mr&lt;2000) de bajo peso molecular es adecuado para su uso como agente humectante y regulador de consistencia, para cremas, lociones, pastas de dientes y cremas de afeitar, etc., y para productos para el cuidado del cabello sin lavar para darle al cabello un brillo filamentoso.<br \/>\nEl polietilenglicol (Mr&gt;2000) con alto peso molecular es adecuado para l\u00e1pices labiales, desodorantes en barra, jabones, jabones de afeitar, bases de maquillaje y cosm\u00e9ticos de belleza.<\/li>\n<li>En los productos de limpieza, el polietilenglicol tambi\u00e9n se utiliza como agente de suspensi\u00f3n y espesante.<\/li>\n<li>En la industria farmac\u00e9utica, se utiliza como base para ung\u00fcentos, emulsiones, pomadas, lociones y supositorios. El polietilenglicol NF (p. ej., Polyethylenglicol NF, DowchemicalCo.), disponible comercialmente para uso alimentario y farmac\u00e9utico, es m\u00e1s adecuado para la cosm\u00e9tica.<\/li>\n<li>El polietilenglicol se utiliza ampliamente en diversas preparaciones farmac\u00e9uticas, como preparaciones inyectables, t\u00f3picas, oculares, orales y rectales. El polietilenglicol s\u00f3lido se puede a\u00f1adir al polietilenglicol l\u00edquido para ajustar la viscosidad de ung\u00fcentos locales; la mezcla de polietilenglicol se puede utilizar como sustrato para supositorios. La soluci\u00f3n acuosa de polietilenglicol se puede utilizar como coadyuvante de suspensi\u00f3n o para ajustar la viscosidad de otros medios de suspensi\u00f3n. La combinaci\u00f3n de polietilenglicol y otros emulsionantes aumenta la estabilidad de la emulsi\u00f3n.<\/li>\n<\/ol>\n<p>Adem\u00e1s, el polietilenglicol tambi\u00e9n se utiliza como agente de recubrimiento de pel\u00edculas, lubricante de tabletas, material de liberaci\u00f3n controlada, etc.<\/p>","protected":false},"excerpt":{"rendered":"<p>Nombre del producto: PEG 400<\/p>\n<p>CAS: 25322-68-3<\/p>\n<p>Aspecto: L\u00edquido viscoso incoloro o s\u00f3lido blanco.<\/p>","protected":false},"featured_media":5825,"template":"","meta":{"_acf_changed":false,"_gspb_post_css":""},"product_brand":[],"product_cat":[132,60],"product_tag":[],"class_list":{"0":"post-6343","1":"product","2":"type-product","3":"status-publish","4":"has-post-thumbnail","6":"product_cat-moisturizing","7":"product_cat-cosmetic-ingredients","9":"first","10":"instock","11":"shipping-taxable","12":"product-type-simple"},"acf":[],"_links":{"self":[{"href":"https:\/\/wpachem.com\/es\/wp-json\/wp\/v2\/product\/6343","targetHints":{"allow":["GET"]}}],"collection":[{"href":"https:\/\/wpachem.com\/es\/wp-json\/wp\/v2\/product"}],"about":[{"href":"https:\/\/wpachem.com\/es\/wp-json\/wp\/v2\/types\/product"}],"version-history":[{"count":0,"href":"https:\/\/wpachem.com\/es\/wp-json\/wp\/v2\/product\/6343\/revisions"}],"wp:featuredmedia":[{"embeddable":true,"href":"https:\/\/wpachem.com\/es\/wp-json\/wp\/v2\/media\/5825"}],"wp:attachment":[{"href":"https:\/\/wpachem.com\/es\/wp-json\/wp\/v2\/media?parent=6343"}],"wp:term":[{"taxonomy":"product_brand","embeddable":true,"href":"https:\/\/wpachem.com\/es\/wp-json\/wp\/v2\/product_brand?post=6343"},{"taxonomy":"product_cat","embeddable":true,"href":"https:\/\/wpachem.com\/es\/wp-json\/wp\/v2\/product_cat?post=6343"},{"taxonomy":"product_tag","embeddable":true,"href":"https:\/\/wpachem.com\/es\/wp-json\/wp\/v2\/product_tag?post=6343"}],"curies":[{"name":"wp","href":"https:\/\/api.w.org\/{rel}","templated":true}]}}