{"id":6344,"date":"2024-02-19T08:10:58","date_gmt":"2024-02-19T08:10:58","guid":{"rendered":"https:\/\/wpachem.com\/?post_type=product&#038;p=6344"},"modified":"2024-04-26T05:37:37","modified_gmt":"2024-04-26T05:37:37","slug":"calcium-lactate-cas-814-80-2-2","status":"publish","type":"product","link":"https:\/\/wpachem.com\/es\/producto\/calcium-lactate-cas-814-80-2-2\/","title":{"rendered":"Lactato de calcio CAS 814-80-2"},"content":{"rendered":"<p><strong>Caracter\u00edstica<\/strong><\/p>\n<p>polvo blanco<\/p>\n<p><strong>Solicitud:<\/strong><\/p>\n<p>Se utiliza como conservante y ajustador del pH y, a menudo, se agrega a alimentos y bebidas para aumentar su vida \u00fatil y estabilidad.<br \/>\nTambi\u00e9n se puede utilizar para preparar sales c\u00e1lcicas de anh\u00eddrido l\u00e1ctico, que se pueden a\u00f1adir a los alimentos como suplemento de calcio.<br \/>\nTambi\u00e9n se utiliza como ingrediente en cosm\u00e9ticos y productos de cuidado personal para brindar beneficios humectantes y antis\u00e9pticos.<\/p>","protected":false},"excerpt":{"rendered":"<p>Nombre del producto: Lactato de calcio<\/p>\n<p>N.\u00ba CAS: 814-80-2<\/p>\n<p>Materia org\u00e1nica: C3H8CaO3<\/p>\n<p>Apariencia: Polvo blanco<\/p>","protected":false},"featured_media":5179,"template":"","meta":{"_acf_changed":false,"_gspb_post_css":""},"product_brand":[],"product_cat":[69,132,135,55,57,59,60],"product_tag":[],"class_list":{"0":"post-6344","1":"product","2":"type-product","3":"status-publish","4":"has-post-thumbnail","6":"product_cat-more","7":"product_cat-moisturizing","8":"product_cat-preservative-cosmetic-ingredients","9":"product_cat-food-additives","10":"product_cat-preservative","11":"product_cat-acidity-regulators","12":"product_cat-cosmetic-ingredients","14":"first","15":"instock","16":"shipping-taxable","17":"product-type-simple"},"acf":[],"_links":{"self":[{"href":"https:\/\/wpachem.com\/es\/wp-json\/wp\/v2\/product\/6344","targetHints":{"allow":["GET"]}}],"collection":[{"href":"https:\/\/wpachem.com\/es\/wp-json\/wp\/v2\/product"}],"about":[{"href":"https:\/\/wpachem.com\/es\/wp-json\/wp\/v2\/types\/product"}],"version-history":[{"count":0,"href":"https:\/\/wpachem.com\/es\/wp-json\/wp\/v2\/product\/6344\/revisions"}],"wp:featuredmedia":[{"embeddable":true,"href":"https:\/\/wpachem.com\/es\/wp-json\/wp\/v2\/media\/5179"}],"wp:attachment":[{"href":"https:\/\/wpachem.com\/es\/wp-json\/wp\/v2\/media?parent=6344"}],"wp:term":[{"taxonomy":"product_brand","embeddable":true,"href":"https:\/\/wpachem.com\/es\/wp-json\/wp\/v2\/product_brand?post=6344"},{"taxonomy":"product_cat","embeddable":true,"href":"https:\/\/wpachem.com\/es\/wp-json\/wp\/v2\/product_cat?post=6344"},{"taxonomy":"product_tag","embeddable":true,"href":"https:\/\/wpachem.com\/es\/wp-json\/wp\/v2\/product_tag?post=6344"}],"curies":[{"name":"wp","href":"https:\/\/api.w.org\/{rel}","templated":true}]}}