{"id":6466,"date":"2024-02-20T09:41:28","date_gmt":"2024-02-20T09:41:28","guid":{"rendered":"https:\/\/wpachem.com\/?post_type=product&#038;p=6466"},"modified":"2024-02-21T05:14:13","modified_gmt":"2024-02-21T05:14:13","slug":"dtdm-cas-103-34-4-44-dithiodimorpholine","status":"publish","type":"product","link":"https:\/\/wpachem.com\/es\/producto\/dtdm-cas-103-34-4-44-dithiodimorpholine\/","title":{"rendered":"DTDM CAS 103-34-4 4,4\u2032-Ditiodimorfolina"},"content":{"rendered":"<p><strong>Caracter\u00edstica<\/strong><\/p>\n<p>Cristal blanco o amarillo claro.<\/p>\n<p><strong>Solicitud:<\/strong><\/p>\n<p>Este producto se puede utilizar como agente vulcanizante y acelerador para caucho natural y caucho sint\u00e9tico. Este producto no causar\u00e1 escarcha, contaminaci\u00f3n, decoloraci\u00f3n y f\u00e1cil dispersi\u00f3n del material de caucho. El caucho vulcanizado obtenido cuando se utiliza en sistemas de vulcanizaci\u00f3n efectivos y semi-efectivos tiene buena resistencia al calor y resistencia al envejecimiento. Puede liberar azufre activo a la temperatura de vulcanizaci\u00f3n. El contenido de azufre efectivo es 27%. Es seguro de operar. Cuando se usa solo, la velocidad de vulcanizaci\u00f3n es lenta. Cuando se usa junto con tiazoles, tiurams y sales de ditiocarbamato, se puede aumentar la velocidad de vulcanizaci\u00f3n. Este producto es especialmente adecuado para el caucho but\u00edlico, que se utiliza principalmente en la fabricaci\u00f3n de neum\u00e1ticos, c\u00e1maras de aire de butilo, cintas y productos de caucho resistentes al calor. Tambi\u00e9n se utiliza como estabilizador de asfalto en carreteras.<\/p>","protected":false},"excerpt":{"rendered":"<p>Nombre del producto: 4,4\u2032-Ditiodimorfolina<\/p>\n<p>N\u00famero de serie: 103-34-4<\/p>\n<p>N\u00famero de modelo: C8H16N2O2S2<\/p>\n<p>Aspecto: Cristal blanco o amarillo claro.<\/p>","protected":false},"featured_media":6483,"template":"","meta":{"_acf_changed":false,"_gspb_post_css":""},"product_brand":[],"product_cat":[62,74],"product_tag":[],"class_list":{"0":"post-6466","1":"product","2":"type-product","3":"status-publish","4":"has-post-thumbnail","6":"product_cat-rubberplastic-ingredients","7":"product_cat-vulcanizing-agent","9":"first","10":"instock","11":"shipping-taxable","12":"product-type-simple"},"acf":[],"_links":{"self":[{"href":"https:\/\/wpachem.com\/es\/wp-json\/wp\/v2\/product\/6466","targetHints":{"allow":["GET"]}}],"collection":[{"href":"https:\/\/wpachem.com\/es\/wp-json\/wp\/v2\/product"}],"about":[{"href":"https:\/\/wpachem.com\/es\/wp-json\/wp\/v2\/types\/product"}],"version-history":[{"count":0,"href":"https:\/\/wpachem.com\/es\/wp-json\/wp\/v2\/product\/6466\/revisions"}],"wp:featuredmedia":[{"embeddable":true,"href":"https:\/\/wpachem.com\/es\/wp-json\/wp\/v2\/media\/6483"}],"wp:attachment":[{"href":"https:\/\/wpachem.com\/es\/wp-json\/wp\/v2\/media?parent=6466"}],"wp:term":[{"taxonomy":"product_brand","embeddable":true,"href":"https:\/\/wpachem.com\/es\/wp-json\/wp\/v2\/product_brand?post=6466"},{"taxonomy":"product_cat","embeddable":true,"href":"https:\/\/wpachem.com\/es\/wp-json\/wp\/v2\/product_cat?post=6466"},{"taxonomy":"product_tag","embeddable":true,"href":"https:\/\/wpachem.com\/es\/wp-json\/wp\/v2\/product_tag?post=6466"}],"curies":[{"name":"wp","href":"https:\/\/api.w.org\/{rel}","templated":true}]}}