{"id":6492,"date":"2024-02-21T05:26:03","date_gmt":"2024-02-21T05:26:03","guid":{"rendered":"https:\/\/wpachem.com\/?post_type=product&#038;p=6492"},"modified":"2024-02-21T05:29:28","modified_gmt":"2024-02-21T05:29:28","slug":"tcy-cas-638-16-4-trithiocyanuric-acid","status":"publish","type":"product","link":"https:\/\/wpachem.com\/es\/producto\/tcy-cas-638-16-4-trithiocyanuric-acid\/","title":{"rendered":"TCY CAS 638-16-4 \u00c1cido tritiocian\u00farico"},"content":{"rendered":"<p><strong>Caracter\u00edstica<\/strong><\/p>\n<p>Polvo de cristal blanco<\/p>\n<p><strong>Solicitud:<\/strong><\/p>\n<p>Ampliamente utilizado como estabilizador t\u00e9rmico para polipropileno, caucho y otros pol\u00edmeros, agente vulcanizante para pol\u00edmeros de acrilato de etilo clorado-etileno, caucho acr\u00edlico y otros pol\u00edmeros, adecuado para caucho acr\u00edlico ACM, caucho de cloro\u00e9ter CO.ECO y caucho de clorobutadieno CR tambi\u00e9n se puede utilizar en materiales de mezcla de caucho y pl\u00e1stico. Este producto tiene una velocidad de vulcanizaci\u00f3n r\u00e1pida y quemaduras seguras. Puede acortar el tiempo de vulcanizaci\u00f3n y elimina la necesidad de vulcanizaci\u00f3n secundaria. El caucho vulcanizado producido tiene una excelente resistencia al aceite, resistencia al calor y resistencia al cambio de presi\u00f3n. Buenas propiedades mec\u00e1nicas. Es un agente vulcanizante especial para caucho acr\u00edlico. Como agente vulcanizante especial, tambi\u00e9n se puede utilizar para caucho de clorhidrina y caucho de cloropreno. Tambi\u00e9n se puede utilizar como agente de reticulaci\u00f3n de covulcanizaci\u00f3n para caucho de nitrilo y caucho combinado de PVC. Tambi\u00e9n se puede utilizar solo como agente de reticulaci\u00f3n para resina fen\u00f3lica de PVC. agente de combinaci\u00f3n.<\/p>","protected":false},"excerpt":{"rendered":"<p>Nombre del producto: \u00c1cido tritiocian\u00farico<\/p>\n<p>CAS: 638-16-4<\/p>\n<p>N\u00famero de modelo: C3H3N3S3<\/p>\n<p>Apariencia: Polvo de cristal blanco<\/p>","protected":false},"featured_media":6483,"template":"","meta":{"_acf_changed":false,"_gspb_post_css":""},"product_brand":[],"product_cat":[62,74],"product_tag":[],"class_list":{"0":"post-6492","1":"product","2":"type-product","3":"status-publish","4":"has-post-thumbnail","6":"product_cat-rubberplastic-ingredients","7":"product_cat-vulcanizing-agent","9":"first","10":"instock","11":"shipping-taxable","12":"product-type-simple"},"acf":[],"_links":{"self":[{"href":"https:\/\/wpachem.com\/es\/wp-json\/wp\/v2\/product\/6492","targetHints":{"allow":["GET"]}}],"collection":[{"href":"https:\/\/wpachem.com\/es\/wp-json\/wp\/v2\/product"}],"about":[{"href":"https:\/\/wpachem.com\/es\/wp-json\/wp\/v2\/types\/product"}],"version-history":[{"count":0,"href":"https:\/\/wpachem.com\/es\/wp-json\/wp\/v2\/product\/6492\/revisions"}],"wp:featuredmedia":[{"embeddable":true,"href":"https:\/\/wpachem.com\/es\/wp-json\/wp\/v2\/media\/6483"}],"wp:attachment":[{"href":"https:\/\/wpachem.com\/es\/wp-json\/wp\/v2\/media?parent=6492"}],"wp:term":[{"taxonomy":"product_brand","embeddable":true,"href":"https:\/\/wpachem.com\/es\/wp-json\/wp\/v2\/product_brand?post=6492"},{"taxonomy":"product_cat","embeddable":true,"href":"https:\/\/wpachem.com\/es\/wp-json\/wp\/v2\/product_cat?post=6492"},{"taxonomy":"product_tag","embeddable":true,"href":"https:\/\/wpachem.com\/es\/wp-json\/wp\/v2\/product_tag?post=6492"}],"curies":[{"name":"wp","href":"https:\/\/api.w.org\/{rel}","templated":true}]}}