{"id":6494,"date":"2024-02-21T05:31:25","date_gmt":"2024-02-21T05:31:25","guid":{"rendered":"https:\/\/wpachem.com\/?post_type=product&#038;p=6494"},"modified":"2024-02-21T05:43:45","modified_gmt":"2024-02-21T05:43:45","slug":"dtdccld-cas-23847-08-7-dithiocaprolactame","status":"publish","type":"product","link":"https:\/\/wpachem.com\/es\/producto\/dtdccld-cas-23847-08-7-dithiocaprolactame\/","title":{"rendered":"DTDC (CLD) CAS 23847-08-7 Ditiocaprolactama"},"content":{"rendered":"<p><strong>Caracter\u00edstica<\/strong><\/p>\n<p>S\u00f3lido cristalino incoloro o ligeramente amarillo.<\/p>\n<p><strong>Solicitud:<\/strong><\/p>\n<p>Tiene diversas aplicaciones en la industria qu\u00edmica. Es un agente de reticulaci\u00f3n y acelerador de vulcanizaci\u00f3n de uso com\u00fan que se puede utilizar en la reacci\u00f3n de vulcanizaci\u00f3n de productos de caucho. Adem\u00e1s, se puede utilizar como antioxidante, agente antienvejecimiento y estabilizador. Debido a sus buenas propiedades tensioactivas, tambi\u00e9n se utiliza ampliamente en la producci\u00f3n de lubricantes y surfactantes.<\/p>","protected":false},"excerpt":{"rendered":"<p>Nombre del producto: DTDC(CLD)<\/p>\n<p>N\u00famero de serie: 23847-08-7<\/p>\n<p>N\u00famero de modelo: C12H20N2O2S2<\/p>\n<p>Aspecto: S\u00f3lido cristalino incoloro o ligeramente amarillo.<\/p>","protected":false},"featured_media":6483,"template":"","meta":{"_acf_changed":false,"_gspb_post_css":""},"product_brand":[],"product_cat":[62,74],"product_tag":[],"class_list":{"0":"post-6494","1":"product","2":"type-product","3":"status-publish","4":"has-post-thumbnail","6":"product_cat-rubberplastic-ingredients","7":"product_cat-vulcanizing-agent","9":"first","10":"instock","11":"shipping-taxable","12":"product-type-simple"},"acf":[],"_links":{"self":[{"href":"https:\/\/wpachem.com\/es\/wp-json\/wp\/v2\/product\/6494","targetHints":{"allow":["GET"]}}],"collection":[{"href":"https:\/\/wpachem.com\/es\/wp-json\/wp\/v2\/product"}],"about":[{"href":"https:\/\/wpachem.com\/es\/wp-json\/wp\/v2\/types\/product"}],"version-history":[{"count":0,"href":"https:\/\/wpachem.com\/es\/wp-json\/wp\/v2\/product\/6494\/revisions"}],"wp:featuredmedia":[{"embeddable":true,"href":"https:\/\/wpachem.com\/es\/wp-json\/wp\/v2\/media\/6483"}],"wp:attachment":[{"href":"https:\/\/wpachem.com\/es\/wp-json\/wp\/v2\/media?parent=6494"}],"wp:term":[{"taxonomy":"product_brand","embeddable":true,"href":"https:\/\/wpachem.com\/es\/wp-json\/wp\/v2\/product_brand?post=6494"},{"taxonomy":"product_cat","embeddable":true,"href":"https:\/\/wpachem.com\/es\/wp-json\/wp\/v2\/product_cat?post=6494"},{"taxonomy":"product_tag","embeddable":true,"href":"https:\/\/wpachem.com\/es\/wp-json\/wp\/v2\/product_tag?post=6494"}],"curies":[{"name":"wp","href":"https:\/\/api.w.org\/{rel}","templated":true}]}}