{"id":6496,"date":"2024-02-21T05:44:17","date_gmt":"2024-02-21T05:44:17","guid":{"rendered":"https:\/\/wpachem.com\/?post_type=product&#038;p=6496"},"modified":"2024-02-21T05:48:09","modified_gmt":"2024-02-21T05:48:09","slug":"zda-cas-14643-87-9-zinc-acrylate","status":"publish","type":"product","link":"https:\/\/wpachem.com\/es\/producto\/zda-cas-14643-87-9-zinc-acrylate\/","title":{"rendered":"ZDA CAS 14643-87-9 Acrilato de zinc"},"content":{"rendered":"<p><strong>Caracter\u00edstica<\/strong><\/p>\n<p>Cristal incoloro o polvo blanco.<\/p>\n<p><strong>Solicitud:<\/strong><\/p>\n<p>1. Se utiliza como coadyuvante de formaci\u00f3n de puentes de per\u00f3xido para aumentar la densidad de reticulaci\u00f3n, aumentar la velocidad de vulcanizaci\u00f3n, acortar el tiempo de vulcanizaci\u00f3n y tambi\u00e9n mejorar el rendimiento de uni\u00f3n con el metal.<br \/>\n2. Los productos vulcanizados pueden obtener enlaces de reticulaci\u00f3n de sal, aumentar la dureza del producto, mejorar en gran medida el rendimiento de flexi\u00f3n y mejorar la elasticidad. 3. Tambi\u00e9n se puede utilizar en sistemas de vulcanizaci\u00f3n de azufre para aumentar la resistencia a la tracci\u00f3n y mejorar las propiedades de flexi\u00f3n. 4. Este producto tiene resistencia a los \u00e1cidos, a los \u00e1lcalis, al aceite, a la corrosi\u00f3n y a las altas temperaturas, y es adecuado para NBR, SBR, BR, EPDM, EPM y otros tipos de caucho.<\/p>","protected":false},"excerpt":{"rendered":"<p>Nombre del producto: Acrilato de zinc<\/p>\n<p>N\u00famero de serie: 14643-87-9<\/p>\n<p>N\u00famero de modelo: C6H6O4Zn<\/p>\n<p>Apariencia: Cristal incoloro o polvo blanco.<\/p>","protected":false},"featured_media":5179,"template":"","meta":{"_acf_changed":false,"_gspb_post_css":""},"product_brand":[],"product_cat":[62,74],"product_tag":[],"class_list":{"0":"post-6496","1":"product","2":"type-product","3":"status-publish","4":"has-post-thumbnail","6":"product_cat-rubberplastic-ingredients","7":"product_cat-vulcanizing-agent","9":"first","10":"instock","11":"shipping-taxable","12":"product-type-simple"},"acf":[],"_links":{"self":[{"href":"https:\/\/wpachem.com\/es\/wp-json\/wp\/v2\/product\/6496","targetHints":{"allow":["GET"]}}],"collection":[{"href":"https:\/\/wpachem.com\/es\/wp-json\/wp\/v2\/product"}],"about":[{"href":"https:\/\/wpachem.com\/es\/wp-json\/wp\/v2\/types\/product"}],"version-history":[{"count":0,"href":"https:\/\/wpachem.com\/es\/wp-json\/wp\/v2\/product\/6496\/revisions"}],"wp:featuredmedia":[{"embeddable":true,"href":"https:\/\/wpachem.com\/es\/wp-json\/wp\/v2\/media\/5179"}],"wp:attachment":[{"href":"https:\/\/wpachem.com\/es\/wp-json\/wp\/v2\/media?parent=6496"}],"wp:term":[{"taxonomy":"product_brand","embeddable":true,"href":"https:\/\/wpachem.com\/es\/wp-json\/wp\/v2\/product_brand?post=6496"},{"taxonomy":"product_cat","embeddable":true,"href":"https:\/\/wpachem.com\/es\/wp-json\/wp\/v2\/product_cat?post=6496"},{"taxonomy":"product_tag","embeddable":true,"href":"https:\/\/wpachem.com\/es\/wp-json\/wp\/v2\/product_tag?post=6496"}],"curies":[{"name":"wp","href":"https:\/\/api.w.org\/{rel}","templated":true}]}}