{"id":6498,"date":"2024-02-21T05:48:36","date_gmt":"2024-02-21T05:48:36","guid":{"rendered":"https:\/\/wpachem.com\/?post_type=product&#038;p=6498"},"modified":"2024-02-21T05:59:08","modified_gmt":"2024-02-21T05:59:08","slug":"pdm-cas-13006-93-7-nn-13-phenylene-bismaleimide","status":"publish","type":"product","link":"https:\/\/wpachem.com\/es\/producto\/pdm-cas-13006-93-7-nn-13-phenylene-bismaleimide\/","title":{"rendered":"PDM CAS 13006-93-7 N, N&#039;-1,3-fenilen bismaleimida"},"content":{"rendered":"<p><strong>Caracter\u00edstica<\/strong><\/p>\n<p>Cristal negro<\/p>\n<p><strong>Solicitud:<\/strong><\/p>\n<p>El agente vulcanizante PM se utiliza ampliamente en campos como la protecci\u00f3n contra la corrosi\u00f3n de metales, el procesamiento de caucho, la modificaci\u00f3n de pl\u00e1sticos y los aditivos para lubricantes. En t\u00e9rminos de anticorrosi\u00f3n de metales, el agente vulcanizante PM se puede utilizar como agente vulcanizante para el recubrimiento qu\u00edmico, los recubrimientos vulcanizados y el caucho vulcanizado; en el procesamiento del caucho, se puede utilizar como agente vulcanizante para promover la reacci\u00f3n de vulcanizaci\u00f3n del caucho y mejorar las propiedades mec\u00e1nicas del caucho; en la modificaci\u00f3n de pl\u00e1sticos, por otro lado, el agente vulcanizante PM se puede utilizar para aumentar las propiedades de endurecimiento t\u00e9rmico de los pl\u00e1sticos; en los aditivos de aceite lubricante, el agente vulcanizante PM se puede utilizar para mejorar la presi\u00f3n extrema y las propiedades antidesgaste del aceite lubricante.<\/p>","protected":false},"excerpt":{"rendered":"<p>Nombre del producto: PDM<\/p>\n<p>N\u00famero de serie: 3006-93-7<\/p>\n<p>Mb:C14H8N2O4<\/p>\n<p>Aspecto: Cristal negro<\/p>","protected":false},"featured_media":3698,"template":"","meta":{"_acf_changed":false,"_gspb_post_css":""},"product_brand":[],"product_cat":[62,74],"product_tag":[],"class_list":{"0":"post-6498","1":"product","2":"type-product","3":"status-publish","4":"has-post-thumbnail","6":"product_cat-rubberplastic-ingredients","7":"product_cat-vulcanizing-agent","9":"first","10":"instock","11":"shipping-taxable","12":"product-type-simple"},"acf":[],"_links":{"self":[{"href":"https:\/\/wpachem.com\/es\/wp-json\/wp\/v2\/product\/6498","targetHints":{"allow":["GET"]}}],"collection":[{"href":"https:\/\/wpachem.com\/es\/wp-json\/wp\/v2\/product"}],"about":[{"href":"https:\/\/wpachem.com\/es\/wp-json\/wp\/v2\/types\/product"}],"version-history":[{"count":0,"href":"https:\/\/wpachem.com\/es\/wp-json\/wp\/v2\/product\/6498\/revisions"}],"wp:featuredmedia":[{"embeddable":true,"href":"https:\/\/wpachem.com\/es\/wp-json\/wp\/v2\/media\/3698"}],"wp:attachment":[{"href":"https:\/\/wpachem.com\/es\/wp-json\/wp\/v2\/media?parent=6498"}],"wp:term":[{"taxonomy":"product_brand","embeddable":true,"href":"https:\/\/wpachem.com\/es\/wp-json\/wp\/v2\/product_brand?post=6498"},{"taxonomy":"product_cat","embeddable":true,"href":"https:\/\/wpachem.com\/es\/wp-json\/wp\/v2\/product_cat?post=6498"},{"taxonomy":"product_tag","embeddable":true,"href":"https:\/\/wpachem.com\/es\/wp-json\/wp\/v2\/product_tag?post=6498"}],"curies":[{"name":"wp","href":"https:\/\/api.w.org\/{rel}","templated":true}]}}