{"id":6500,"date":"2024-02-21T05:59:23","date_gmt":"2024-02-21T05:59:23","guid":{"rendered":"https:\/\/wpachem.com\/?post_type=product&#038;p=6500"},"modified":"2024-02-21T06:40:37","modified_gmt":"2024-02-21T06:40:37","slug":"cbscz-cas-95-33-0-n-cyclohexyl-2-benzothiazolesulfenamide","status":"publish","type":"product","link":"https:\/\/wpachem.com\/es\/producto\/cbscz-cas-95-33-0-n-cyclohexyl-2-benzothiazolesulfenamide\/","title":{"rendered":"CBS (CZ) CAS 95-33-0 N-ciclohexil-2-benzotiazosulfenamida"},"content":{"rendered":"<p><strong>Caracter\u00edstica<\/strong><\/p>\n<p>Amarillo claro a beige claro s\u00f3lido<\/p>\n<p><strong>Solicitud:<\/strong><\/p>\n<p>Es un acelerador de velocidad semi-s\u00faper post-efecto altamente activo con excelente resistencia al quemado, procesamiento seguro y corto tiempo de vulcanizaci\u00f3n. Agregar aceleradores alcalinos, como tiuram y ditiocarbamatos, puede mejorar su actividad. Es apto para todo tipo de caucho, con ligera decoloraci\u00f3n y sin florecimiento. Los productos de caucho vulcanizado son resistentes al envejecimiento, tienen una gran resistencia a la tracci\u00f3n y alargamiento y son adecuados para la fabricaci\u00f3n de productos de caucho industriales como neum\u00e1ticos, zapatos de caucho y cables. Es adecuado para materiales de caucho que utilizan negro de horno, como caucho natural, caucho but\u00edlico, caucho isopreno, caucho estireno-butadieno, caucho nitrilo, caucho EPDM, etc. Se caracteriza por una excelente resistencia al quemado y un corto tiempo de vulcanizaci\u00f3n. , sin floraci\u00f3n, resistencia al envejecimiento, productos resistentes al calor, al agrietamiento y al desgaste. Puede usarse como acelerador de vulcanizaci\u00f3n solo o en combinaci\u00f3n con otros aceleradores como D, DT, TT, TS, etc. Se usa para preparar llantas, cintas, cables, mangueras y otros insumos industriales en general.<\/p>","protected":false},"excerpt":{"rendered":"<p>Nombre del producto: CBS(CZ)<\/p>\n<p>CAS\uff1a95-33-0<\/p>\n<p>MF: C13H16N2S2<\/p>\n<p>Apariencia: S\u00f3lido de color amarillo claro a beige claro<\/p>","protected":false},"featured_media":6483,"template":"","meta":{"_acf_changed":false,"_gspb_post_css":""},"product_brand":[],"product_cat":[62,73],"product_tag":[],"class_list":{"0":"post-6500","1":"product","2":"type-product","3":"status-publish","4":"has-post-thumbnail","6":"product_cat-rubberplastic-ingredients","7":"product_cat-rubber-antioxidant","9":"first","10":"instock","11":"shipping-taxable","12":"product-type-simple"},"acf":[],"_links":{"self":[{"href":"https:\/\/wpachem.com\/es\/wp-json\/wp\/v2\/product\/6500","targetHints":{"allow":["GET"]}}],"collection":[{"href":"https:\/\/wpachem.com\/es\/wp-json\/wp\/v2\/product"}],"about":[{"href":"https:\/\/wpachem.com\/es\/wp-json\/wp\/v2\/types\/product"}],"version-history":[{"count":0,"href":"https:\/\/wpachem.com\/es\/wp-json\/wp\/v2\/product\/6500\/revisions"}],"wp:featuredmedia":[{"embeddable":true,"href":"https:\/\/wpachem.com\/es\/wp-json\/wp\/v2\/media\/6483"}],"wp:attachment":[{"href":"https:\/\/wpachem.com\/es\/wp-json\/wp\/v2\/media?parent=6500"}],"wp:term":[{"taxonomy":"product_brand","embeddable":true,"href":"https:\/\/wpachem.com\/es\/wp-json\/wp\/v2\/product_brand?post=6500"},{"taxonomy":"product_cat","embeddable":true,"href":"https:\/\/wpachem.com\/es\/wp-json\/wp\/v2\/product_cat?post=6500"},{"taxonomy":"product_tag","embeddable":true,"href":"https:\/\/wpachem.com\/es\/wp-json\/wp\/v2\/product_tag?post=6500"}],"curies":[{"name":"wp","href":"https:\/\/api.w.org\/{rel}","templated":true}]}}