{"id":6502,"date":"2024-02-21T06:40:58","date_gmt":"2024-02-21T06:40:58","guid":{"rendered":"https:\/\/wpachem.com\/?post_type=product&#038;p=6502"},"modified":"2024-02-21T06:48:22","modified_gmt":"2024-02-21T06:48:22","slug":"dcbs-cas-4979-32-2-nn-dicyclohexyl-2-benzothiazolsulfene-amide","status":"publish","type":"product","link":"https:\/\/wpachem.com\/es\/producto\/dcbs-cas-4979-32-2-nn-dicyclohexyl-2-benzothiazolsulfene-amide\/","title":{"rendered":"DCBS CAS 4979-32-2 N, N-diciclohexil-2-benzotiazolsulfeno amida"},"content":{"rendered":"<p><strong>Caracter\u00edstica<\/strong><\/p>\n<p>Amarillo claro a beige claro s\u00f3lido<\/p>\n<p><strong>Solicitud:<\/strong><\/p>\n<p>Se utiliza como acelerador post-efecto para caucho natural, caucho de butadieno, butilanilina, caucho de isopentilo, etc. Buenas propiedades de dispersi\u00f3n en caucho. El tiempo de combusti\u00f3n en los compuestos de caucho natural es mayor que el del acelerador DIBS, por lo que la seguridad de operaci\u00f3n es mayor. La velocidad de vulcanizaci\u00f3n a la temperatura de vulcanizaci\u00f3n es similar a la del acelerador DIBS. La planitud de vulcanizaci\u00f3n es similar a la del acelerador CZ. La vulcanizaci\u00f3n con vapor sin molde del caucho que contiene este producto es ligeramente m\u00e1s r\u00e1pida que la vulcanizaci\u00f3n plana. Es adecuado para materiales de caucho con grandes cantidades de agentes de refuerzo altamente activos y tambi\u00e9n para materiales de caucho compuestos principalmente de caucho de polibutadieno o caucho reciclado. Las propiedades mec\u00e1nicas del caucho vulcanizado, especialmente las propiedades din\u00e1micas, son relativamente buenas y la elasticidad y la resistencia al alargamiento son altas. Debido a que el caucho vulcanizado tiene un sabor amargo, no es adecuado para fabricar productos de caucho que entren en contacto con alimentos. Se utiliza principalmente en la fabricaci\u00f3n de neum\u00e1ticos, cintas, productos amortiguadores y caucho de respaldo para recauchutados de neum\u00e1ticos.<\/p>","protected":false},"excerpt":{"rendered":"<p>Nombre del producto: DCBS<\/p>\n<p>CAS\uff1a4979-32-2<\/p>\n<p>MF: C19H26N2S2<\/p>\n<p>Apariencia: S\u00f3lido de color amarillo claro a beige claro<\/p>","protected":false},"featured_media":6483,"template":"","meta":{"_acf_changed":false,"_gspb_post_css":""},"product_brand":[],"product_cat":[62,73],"product_tag":[],"class_list":{"0":"post-6502","1":"product","2":"type-product","3":"status-publish","4":"has-post-thumbnail","6":"product_cat-rubberplastic-ingredients","7":"product_cat-rubber-antioxidant","9":"first","10":"instock","11":"shipping-taxable","12":"product-type-simple"},"acf":[],"_links":{"self":[{"href":"https:\/\/wpachem.com\/es\/wp-json\/wp\/v2\/product\/6502","targetHints":{"allow":["GET"]}}],"collection":[{"href":"https:\/\/wpachem.com\/es\/wp-json\/wp\/v2\/product"}],"about":[{"href":"https:\/\/wpachem.com\/es\/wp-json\/wp\/v2\/types\/product"}],"version-history":[{"count":0,"href":"https:\/\/wpachem.com\/es\/wp-json\/wp\/v2\/product\/6502\/revisions"}],"wp:featuredmedia":[{"embeddable":true,"href":"https:\/\/wpachem.com\/es\/wp-json\/wp\/v2\/media\/6483"}],"wp:attachment":[{"href":"https:\/\/wpachem.com\/es\/wp-json\/wp\/v2\/media?parent=6502"}],"wp:term":[{"taxonomy":"product_brand","embeddable":true,"href":"https:\/\/wpachem.com\/es\/wp-json\/wp\/v2\/product_brand?post=6502"},{"taxonomy":"product_cat","embeddable":true,"href":"https:\/\/wpachem.com\/es\/wp-json\/wp\/v2\/product_cat?post=6502"},{"taxonomy":"product_tag","embeddable":true,"href":"https:\/\/wpachem.com\/es\/wp-json\/wp\/v2\/product_tag?post=6502"}],"curies":[{"name":"wp","href":"https:\/\/api.w.org\/{rel}","templated":true}]}}