{"id":6506,"date":"2024-02-21T06:53:52","date_gmt":"2024-02-21T06:53:52","guid":{"rendered":"https:\/\/wpachem.com\/?post_type=product&#038;p=6506"},"modified":"2024-02-21T06:56:08","modified_gmt":"2024-02-21T06:56:08","slug":"mbtm-cas-149-30-4-2-mercaptobenzothiazole","status":"publish","type":"product","link":"https:\/\/wpachem.com\/es\/producto\/mbtm-cas-149-30-4-2-mercaptobenzothiazole\/","title":{"rendered":"MBT(M) CAS 149-30-4 2-mercaptobenzotiazol"},"content":{"rendered":"<p><strong>Caracter\u00edstica<\/strong><\/p>\n<p>Agujas monocl\u00ednicas de color amarillo claro o cristales en escamas.<\/p>\n<p><strong>Solicitud:<\/strong><\/p>\n<p>Como acelerador de vulcanizaci\u00f3n general, este producto se usa ampliamente en diversos cauchos. Tiene un r\u00e1pido efecto acelerador sobre el caucho natural y el caucho sint\u00e9tico generalmente vulcanizado con azufre. Sin embargo, su uso requiere activaci\u00f3n mediante \u00f3xido de zinc, \u00e1cidos grasos, etc. A menudo se usa en combinaci\u00f3n con otros sistemas aceleradores, como ditiocarbamato de tiuram y ditiocarbamato de telurio, y puede usarse como acelerador para caucho de butilo; se puede utilizar con maleato de plomo trib\u00e1sico para aplicaciones resistentes al agua y de colores claros. de caucho de polietileno clorosulfonado. A menudo se usa junto con ditiocarbamatos en l\u00e1tex y, cuando se usa junto con dietilditiocarbamato dietilamina, se puede vulcanizar a temperatura ambiente. Este producto se dispersa f\u00e1cilmente en caucho y no contamina. Sin embargo, debido a su sabor amargo, no es adecuado para su uso en productos de caucho en contacto con alimentos. El acelerador M es un intermedio del acelerador MZ, DM, NS, DIBS, CA, DZ, NOBS, MDB, etc., 2-mercaptobenzotiazol y 1-amino-4-nitroantraquinona y carbonato de potasio en dimetilo. Reflujo en formamida durante 3 horas para preparar. el colorante Rojo Disperso S-GL (CIDisperseRed121). Este tinte se utiliza para te\u00f1ir poli\u00e9ster y sus tejidos mezclados. El 2-mercaptobenzotiazol tambi\u00e9n se denomina abrillantador \u00e1cido M para revestimiento de cobre cuando se utiliza como aditivo para galvanoplastia. Se utiliza como abrillantador auxiliar en el recubrimiento de cobre brillante con sulfato de cobre como sal principal. Adem\u00e1s, este producto tambi\u00e9n se utiliza para preparar pesticidas fungicidas, sinergistas de fertilizantes nitrogenados, aceites de corte y aditivos lubricantes, agentes org\u00e1nicos anti-incineras en qu\u00edmica fotogr\u00e1fica, inhibidores de corrosi\u00f3n de metales, etc. Adem\u00e1s, es un reactivo para an\u00e1lisis qu\u00edmicos. Este producto tiene baja toxicidad y es irritante para la piel y mucosas.<\/p>","protected":false},"excerpt":{"rendered":"<p>Nombre del producto: MBT(M)<\/p>\n<p>CAS\uff1a149-30-4<\/p>\n<p>MF: C7H5NS2<\/p>\n<p>Apariencia: Agujas monocl\u00ednicas de color amarillo claro o cristales en escamas.<\/p>","protected":false},"featured_media":6483,"template":"","meta":{"_acf_changed":false,"_gspb_post_css":""},"product_brand":[],"product_cat":[62,73],"product_tag":[],"class_list":{"0":"post-6506","1":"product","2":"type-product","3":"status-publish","4":"has-post-thumbnail","6":"product_cat-rubberplastic-ingredients","7":"product_cat-rubber-antioxidant","9":"first","10":"instock","11":"shipping-taxable","12":"product-type-simple"},"acf":[],"_links":{"self":[{"href":"https:\/\/wpachem.com\/es\/wp-json\/wp\/v2\/product\/6506","targetHints":{"allow":["GET"]}}],"collection":[{"href":"https:\/\/wpachem.com\/es\/wp-json\/wp\/v2\/product"}],"about":[{"href":"https:\/\/wpachem.com\/es\/wp-json\/wp\/v2\/types\/product"}],"version-history":[{"count":0,"href":"https:\/\/wpachem.com\/es\/wp-json\/wp\/v2\/product\/6506\/revisions"}],"wp:featuredmedia":[{"embeddable":true,"href":"https:\/\/wpachem.com\/es\/wp-json\/wp\/v2\/media\/6483"}],"wp:attachment":[{"href":"https:\/\/wpachem.com\/es\/wp-json\/wp\/v2\/media?parent=6506"}],"wp:term":[{"taxonomy":"product_brand","embeddable":true,"href":"https:\/\/wpachem.com\/es\/wp-json\/wp\/v2\/product_brand?post=6506"},{"taxonomy":"product_cat","embeddable":true,"href":"https:\/\/wpachem.com\/es\/wp-json\/wp\/v2\/product_cat?post=6506"},{"taxonomy":"product_tag","embeddable":true,"href":"https:\/\/wpachem.com\/es\/wp-json\/wp\/v2\/product_tag?post=6506"}],"curies":[{"name":"wp","href":"https:\/\/api.w.org\/{rel}","templated":true}]}}