{"id":6510,"date":"2024-02-21T06:57:52","date_gmt":"2024-02-21T06:57:52","guid":{"rendered":"https:\/\/wpachem.com\/?post_type=product&#038;p=6510"},"modified":"2024-02-21T07:00:54","modified_gmt":"2024-02-21T07:00:54","slug":"mbtsdm-cas-120-78-5-22-dithiobisbenzothiazole","status":"publish","type":"product","link":"https:\/\/wpachem.com\/es\/producto\/mbtsdm-cas-120-78-5-22-dithiobisbenzothiazole\/","title":{"rendered":"MBTS (DM) CAS 120-78-5 2,2\u2032-ditiobis (benzotiazol)"},"content":{"rendered":"<p><strong>Caracter\u00edstica<\/strong><\/p>\n<p>Cristal de aguja de color amarillo claro.<\/p>\n<p><strong>Solicitud:<\/strong><\/p>\n<p>Acelerador para caucho natural y diversos cauchos sint\u00e9ticos, puede producir fluidizaci\u00f3n plana y de velocidad media, tiene una temperatura de vulcanizaci\u00f3n alta, tiene efectos secundarios significativos, no se vulcanizar\u00e1 temprano, es seguro de operar, f\u00e1cil de dispersar, no contamina y el vulcanizado el caucho es resistente al envejecimiento. Este producto tiene una velocidad de vulcanizaci\u00f3n lenta cuando se usa solo. Generalmente se usa en combinaci\u00f3n con tiuram, ditiocarbamatos, aldeh\u00eddoaminas y aceleradores de guanidina. Es un excelente agente anti-quemaduras para neopreno tipo G. Se utiliza principalmente en la fabricaci\u00f3n de neum\u00e1ticos, mangueras de caucho, zapatos de caucho, cintas y otros productos industriales en general. Tambi\u00e9n puede actuar como plastificante o retardador en neopreno.<\/p>","protected":false},"excerpt":{"rendered":"<p>Nombre del producto: MBTS(DM)<\/p>\n<p>CAS: 120-78-5<\/p>\n<p>MF: C14H8N2S4<\/p>\n<p>Apariencia: cristal de aguja de color amarillo claro.<\/p>","protected":false},"featured_media":6483,"template":"","meta":{"_acf_changed":false,"_gspb_post_css":""},"product_brand":[],"product_cat":[62,73],"product_tag":[],"class_list":{"0":"post-6510","1":"product","2":"type-product","3":"status-publish","4":"has-post-thumbnail","6":"product_cat-rubberplastic-ingredients","7":"product_cat-rubber-antioxidant","9":"first","10":"instock","11":"shipping-taxable","12":"product-type-simple"},"acf":[],"_links":{"self":[{"href":"https:\/\/wpachem.com\/es\/wp-json\/wp\/v2\/product\/6510","targetHints":{"allow":["GET"]}}],"collection":[{"href":"https:\/\/wpachem.com\/es\/wp-json\/wp\/v2\/product"}],"about":[{"href":"https:\/\/wpachem.com\/es\/wp-json\/wp\/v2\/types\/product"}],"version-history":[{"count":0,"href":"https:\/\/wpachem.com\/es\/wp-json\/wp\/v2\/product\/6510\/revisions"}],"wp:featuredmedia":[{"embeddable":true,"href":"https:\/\/wpachem.com\/es\/wp-json\/wp\/v2\/media\/6483"}],"wp:attachment":[{"href":"https:\/\/wpachem.com\/es\/wp-json\/wp\/v2\/media?parent=6510"}],"wp:term":[{"taxonomy":"product_brand","embeddable":true,"href":"https:\/\/wpachem.com\/es\/wp-json\/wp\/v2\/product_brand?post=6510"},{"taxonomy":"product_cat","embeddable":true,"href":"https:\/\/wpachem.com\/es\/wp-json\/wp\/v2\/product_cat?post=6510"},{"taxonomy":"product_tag","embeddable":true,"href":"https:\/\/wpachem.com\/es\/wp-json\/wp\/v2\/product_tag?post=6510"}],"curies":[{"name":"wp","href":"https:\/\/api.w.org\/{rel}","templated":true}]}}