{"id":6514,"date":"2024-02-21T07:07:36","date_gmt":"2024-02-21T07:07:36","guid":{"rendered":"https:\/\/wpachem.com\/?post_type=product&#038;p=6514"},"modified":"2024-02-21T07:12:52","modified_gmt":"2024-02-21T07:12:52","slug":"mbs-nobscas-102-77-2-2-morpholinothiobenzothiazole","status":"publish","type":"product","link":"https:\/\/wpachem.com\/es\/producto\/mbs-nobscas-102-77-2-2-morpholinothiobenzothiazole\/","title":{"rendered":"MBS (NOBS)CAS 102-77-2 2-(morfolinotio)benzotiazol"},"content":{"rendered":"<p><strong>Caracter\u00edstica<\/strong><\/p>\n<p>Cristales escamosos de color amarillo claro a marr\u00f3n.<\/p>\n<p><strong>Solicitud:<\/strong><\/p>\n<p>Es un acelerador de vulcanizaci\u00f3n post-efecto con baja actividad, gran ductilidad, corto tiempo de vulcanizaci\u00f3n, excelente resistencia al quemado, procesamiento seguro, f\u00e1cil dispersi\u00f3n, sin floraci\u00f3n, ligera decoloraci\u00f3n y es adecuado para caucho natural y caucho sint\u00e9tico. Se utiliza principalmente en la fabricaci\u00f3n de neum\u00e1ticos, mangueras, zapatos de caucho, cintas transportadoras y otros productos industriales de caucho.<\/p>","protected":false},"excerpt":{"rendered":"<p>Nombre del producto: MBS (NOBS)<\/p>\n<p>CAS\uff1a102-77-2<\/p>\n<p>MF: C11H12N2OS2<\/p>\n<p>Apariencia: Cristales escamosos de color amarillo claro a marr\u00f3n.<\/p>","protected":false},"featured_media":6515,"template":"","meta":{"_acf_changed":false,"_gspb_post_css":""},"product_brand":[],"product_cat":[62,73],"product_tag":[],"class_list":{"0":"post-6514","1":"product","2":"type-product","3":"status-publish","4":"has-post-thumbnail","6":"product_cat-rubberplastic-ingredients","7":"product_cat-rubber-antioxidant","9":"first","10":"instock","11":"shipping-taxable","12":"product-type-simple"},"acf":[],"_links":{"self":[{"href":"https:\/\/wpachem.com\/es\/wp-json\/wp\/v2\/product\/6514","targetHints":{"allow":["GET"]}}],"collection":[{"href":"https:\/\/wpachem.com\/es\/wp-json\/wp\/v2\/product"}],"about":[{"href":"https:\/\/wpachem.com\/es\/wp-json\/wp\/v2\/types\/product"}],"version-history":[{"count":0,"href":"https:\/\/wpachem.com\/es\/wp-json\/wp\/v2\/product\/6514\/revisions"}],"wp:featuredmedia":[{"embeddable":true,"href":"https:\/\/wpachem.com\/es\/wp-json\/wp\/v2\/media\/6515"}],"wp:attachment":[{"href":"https:\/\/wpachem.com\/es\/wp-json\/wp\/v2\/media?parent=6514"}],"wp:term":[{"taxonomy":"product_brand","embeddable":true,"href":"https:\/\/wpachem.com\/es\/wp-json\/wp\/v2\/product_brand?post=6514"},{"taxonomy":"product_cat","embeddable":true,"href":"https:\/\/wpachem.com\/es\/wp-json\/wp\/v2\/product_cat?post=6514"},{"taxonomy":"product_tag","embeddable":true,"href":"https:\/\/wpachem.com\/es\/wp-json\/wp\/v2\/product_tag?post=6514"}],"curies":[{"name":"wp","href":"https:\/\/api.w.org\/{rel}","templated":true}]}}