{"id":6519,"date":"2024-02-21T07:21:18","date_gmt":"2024-02-21T07:21:18","guid":{"rendered":"https:\/\/wpachem.com\/?post_type=product&#038;p=6519"},"modified":"2024-02-21T07:24:32","modified_gmt":"2024-02-21T07:24:32","slug":"zdbc-cas-136-23-2","status":"publish","type":"product","link":"https:\/\/wpachem.com\/es\/producto\/zdbc-cas-136-23-2\/","title":{"rendered":"ZDBC CAS 136-23-2"},"content":{"rendered":"<p><strong>Caracter\u00edstica<\/strong><\/p>\n<p>Polvo blanco lechoso o blanquecino con olor especial.<\/p>\n<p><strong>Solicitud:<\/strong><\/p>\n<p>Se utiliza frecuentemente junto con el principal antioxidante del polipropileno y el cloruro de polivinilo. Tambi\u00e9n se utiliza como adhesivo de caucho, acelerador de curado de l\u00e1tex, caucho natural, caucho sint\u00e9tico y superacelerante de l\u00e1tex.<\/p>","protected":false},"excerpt":{"rendered":"<p>Nombre del producto: ZDBC<\/p>\n<p>CAS: 136-23-2<\/p>\n<p>N\u00famero de modelo: C18H36N2S4Zn<\/p>\n<p>Aspecto: Polvo blanco lechoso o blanquecino con olor especial.<\/p>","protected":false},"featured_media":2176,"template":"","meta":{"_acf_changed":false,"_gspb_post_css":""},"product_brand":[],"product_cat":[62,73],"product_tag":[],"class_list":{"0":"post-6519","1":"product","2":"type-product","3":"status-publish","4":"has-post-thumbnail","6":"product_cat-rubberplastic-ingredients","7":"product_cat-rubber-antioxidant","9":"first","10":"instock","11":"shipping-taxable","12":"product-type-simple"},"acf":[],"_links":{"self":[{"href":"https:\/\/wpachem.com\/es\/wp-json\/wp\/v2\/product\/6519","targetHints":{"allow":["GET"]}}],"collection":[{"href":"https:\/\/wpachem.com\/es\/wp-json\/wp\/v2\/product"}],"about":[{"href":"https:\/\/wpachem.com\/es\/wp-json\/wp\/v2\/types\/product"}],"version-history":[{"count":0,"href":"https:\/\/wpachem.com\/es\/wp-json\/wp\/v2\/product\/6519\/revisions"}],"wp:featuredmedia":[{"embeddable":true,"href":"https:\/\/wpachem.com\/es\/wp-json\/wp\/v2\/media\/2176"}],"wp:attachment":[{"href":"https:\/\/wpachem.com\/es\/wp-json\/wp\/v2\/media?parent=6519"}],"wp:term":[{"taxonomy":"product_brand","embeddable":true,"href":"https:\/\/wpachem.com\/es\/wp-json\/wp\/v2\/product_brand?post=6519"},{"taxonomy":"product_cat","embeddable":true,"href":"https:\/\/wpachem.com\/es\/wp-json\/wp\/v2\/product_cat?post=6519"},{"taxonomy":"product_tag","embeddable":true,"href":"https:\/\/wpachem.com\/es\/wp-json\/wp\/v2\/product_tag?post=6519"}],"curies":[{"name":"wp","href":"https:\/\/api.w.org\/{rel}","templated":true}]}}