{"id":6521,"date":"2024-02-21T07:24:41","date_gmt":"2024-02-21T07:24:41","guid":{"rendered":"https:\/\/wpachem.com\/?post_type=product&#038;p=6521"},"modified":"2024-02-21T07:27:39","modified_gmt":"2024-02-21T07:27:39","slug":"zdeczdc%e3%80%81ez-cas-14324-55-1-ethyl-ziram","status":"publish","type":"product","link":"https:\/\/wpachem.com\/es\/producto\/zdeczdc%e3%80%81ez-cas-14324-55-1-ethyl-ziram\/","title":{"rendered":"ZDEC (ZDC \u3001 EZ) CAS 14324-55-1 Etil ziram"},"content":{"rendered":"<p><strong>Caracter\u00edstica<\/strong><\/p>\n<p>cristales blancos<\/p>\n<p><strong>Solicitud:<\/strong><\/p>\n<p>El acelerador ZDC es un superacelerante para caucho natural y diversos cauchos sint\u00e9ticos. Es una variedad representativa de las sales de ditiocarbamato de zinc y tambi\u00e9n un acelerador universal para l\u00e1tex. Este producto no contamina, no decolora, es inodoro, ins\u00edpido y no t\u00f3xico. El acelerador alcalino tiene un efecto activador. Presenta buena dispersabilidad y puede mejorar la resistencia a la tracci\u00f3n y la elasticidad del caucho vulcanizado. Se recomienda a\u00f1adir antioxidantes al NR y al IR para mejorar la resistencia al calor. El acelerador ZDC tambi\u00e9n puede utilizarse como antioxidante en sistemas adhesivos.<\/p>","protected":false},"excerpt":{"rendered":"<p>Nombre del producto: ZDEC(ZDC\u3001EZ)<\/p>\n<p>CAS: 14324-55-1<\/p>\n<p>N\u00famero de modelo: C10H20N2S4Zn<\/p>\n<p>Apariencia: Cristales blancos<\/p>","protected":false},"featured_media":5182,"template":"","meta":{"_acf_changed":false,"_gspb_post_css":""},"product_brand":[],"product_cat":[62,73],"product_tag":[],"class_list":{"0":"post-6521","1":"product","2":"type-product","3":"status-publish","4":"has-post-thumbnail","6":"product_cat-rubberplastic-ingredients","7":"product_cat-rubber-antioxidant","9":"first","10":"instock","11":"shipping-taxable","12":"product-type-simple"},"acf":[],"_links":{"self":[{"href":"https:\/\/wpachem.com\/es\/wp-json\/wp\/v2\/product\/6521","targetHints":{"allow":["GET"]}}],"collection":[{"href":"https:\/\/wpachem.com\/es\/wp-json\/wp\/v2\/product"}],"about":[{"href":"https:\/\/wpachem.com\/es\/wp-json\/wp\/v2\/types\/product"}],"version-history":[{"count":0,"href":"https:\/\/wpachem.com\/es\/wp-json\/wp\/v2\/product\/6521\/revisions"}],"wp:featuredmedia":[{"embeddable":true,"href":"https:\/\/wpachem.com\/es\/wp-json\/wp\/v2\/media\/5182"}],"wp:attachment":[{"href":"https:\/\/wpachem.com\/es\/wp-json\/wp\/v2\/media?parent=6521"}],"wp:term":[{"taxonomy":"product_brand","embeddable":true,"href":"https:\/\/wpachem.com\/es\/wp-json\/wp\/v2\/product_brand?post=6521"},{"taxonomy":"product_cat","embeddable":true,"href":"https:\/\/wpachem.com\/es\/wp-json\/wp\/v2\/product_cat?post=6521"},{"taxonomy":"product_tag","embeddable":true,"href":"https:\/\/wpachem.com\/es\/wp-json\/wp\/v2\/product_tag?post=6521"}],"curies":[{"name":"wp","href":"https:\/\/api.w.org\/{rel}","templated":true}]}}