{"id":6524,"date":"2024-02-21T07:28:31","date_gmt":"2024-02-21T07:28:31","guid":{"rendered":"https:\/\/wpachem.com\/?post_type=product&#038;p=6524"},"modified":"2024-02-21T07:34:30","modified_gmt":"2024-02-21T07:34:30","slug":"dpgd-cas-102-06-7-n-cyclohexyl-2-benzothiazolesulfenamide-copy","status":"publish","type":"product","link":"https:\/\/wpachem.com\/es\/producto\/dpgd-cas-102-06-7-n-cyclohexyl-2-benzothiazolesulfenamide-copy\/","title":{"rendered":"DPG(D) CAS 102-06-7 1,3-Difenilguanidina"},"content":{"rendered":"<p><strong>Caracter\u00edstica<\/strong><\/p>\n<p>Polvo blanco<\/p>\n<p><strong>Solicitud:<\/strong><\/p>\n<p>Baitong es adecuado para caucho natural y caucho sint\u00e9tico, no apto para l\u00e1tex. Se utiliza principalmente en la fabricaci\u00f3n de productos industriales de caucho, como neum\u00e1ticos, l\u00e1minas de caucho y zapatos de caucho.<\/p>","protected":false},"excerpt":{"rendered":"<p>Nombre del producto: DPG(D)<\/p>\n<p>CAS\uff1a102-06-7<\/p>\n<p>MF: C13H13N3<\/p>\n<p>Apariencia: Polvo blanco<\/p>","protected":false},"featured_media":5179,"template":"","meta":{"_acf_changed":false,"_gspb_post_css":""},"product_brand":[],"product_cat":[62,73],"product_tag":[],"class_list":{"0":"post-6524","1":"product","2":"type-product","3":"status-publish","4":"has-post-thumbnail","6":"product_cat-rubberplastic-ingredients","7":"product_cat-rubber-antioxidant","9":"first","10":"instock","11":"shipping-taxable","12":"product-type-simple"},"acf":[],"_links":{"self":[{"href":"https:\/\/wpachem.com\/es\/wp-json\/wp\/v2\/product\/6524","targetHints":{"allow":["GET"]}}],"collection":[{"href":"https:\/\/wpachem.com\/es\/wp-json\/wp\/v2\/product"}],"about":[{"href":"https:\/\/wpachem.com\/es\/wp-json\/wp\/v2\/types\/product"}],"version-history":[{"count":0,"href":"https:\/\/wpachem.com\/es\/wp-json\/wp\/v2\/product\/6524\/revisions"}],"wp:featuredmedia":[{"embeddable":true,"href":"https:\/\/wpachem.com\/es\/wp-json\/wp\/v2\/media\/5179"}],"wp:attachment":[{"href":"https:\/\/wpachem.com\/es\/wp-json\/wp\/v2\/media?parent=6524"}],"wp:term":[{"taxonomy":"product_brand","embeddable":true,"href":"https:\/\/wpachem.com\/es\/wp-json\/wp\/v2\/product_brand?post=6524"},{"taxonomy":"product_cat","embeddable":true,"href":"https:\/\/wpachem.com\/es\/wp-json\/wp\/v2\/product_cat?post=6524"},{"taxonomy":"product_tag","embeddable":true,"href":"https:\/\/wpachem.com\/es\/wp-json\/wp\/v2\/product_tag?post=6524"}],"curies":[{"name":"wp","href":"https:\/\/api.w.org\/{rel}","templated":true}]}}