{"id":6527,"date":"2024-02-21T07:31:21","date_gmt":"2024-02-21T07:31:21","guid":{"rendered":"https:\/\/wpachem.com\/?post_type=product&#038;p=6527"},"modified":"2024-02-21T07:33:45","modified_gmt":"2024-02-21T07:33:45","slug":"tbbs%ef%bc%88ns%ef%bc%89-cas-95-31-8-n-tert-butyl-2-benzothiazolesulfenamide","status":"publish","type":"product","link":"https:\/\/wpachem.com\/es\/producto\/tbbs%ef%bc%88ns%ef%bc%89-cas-95-31-8-n-tert-butyl-2-benzothiazolesulfenamide\/","title":{"rendered":"TBBS (NS) CAS 95-31-8 N-terc-butil-2-benzotiazosulfenamida"},"content":{"rendered":"<p><strong>Caracter\u00edstica<\/strong><\/p>\n<p>Polvo marr\u00f3n amarillento claro<\/p>\n<p><strong>Solicitud:<\/strong><\/p>\n<p>Este producto es un acelerador post-efecto para caucho natural, caucho de butadieno, caucho de isopentilo, caucho de estireno-butadieno y caucho recuperado. Es especialmente adecuado para caucho negro de carbono con alta alcalinidad. Es seguro a temperaturas de operaci\u00f3n, tiene una fuerte resistencia al quemado, una r\u00e1pida velocidad de vulcanizaci\u00f3n y una alta resistencia al alargamiento, lo que puede aumentar la tasa de uso del caucho sint\u00e9tico. Baja toxicidad y alta eficiencia, es un sustituto ideal para NOBS. Tiene un excelente rendimiento integral y se denomina acelerador est\u00e1ndar. Ampliamente utilizado en la producci\u00f3n de neum\u00e1ticos radiales. Se puede utilizar junto con aceleradores de aldeh\u00eddo-amina, guanidina y tiuram. Cuando se utiliza junto con el agente anti-quemado PVI, forma un buen sistema de vulcanizaci\u00f3n. Se utiliza principalmente en la fabricaci\u00f3n y producci\u00f3n de neum\u00e1ticos, zapatos de caucho, mangueras de caucho, cintas y cables.<\/p>","protected":false},"excerpt":{"rendered":"<p>Nombre del producto: TBBS (NS)<\/p>\n<p>CAS\uff1a95-31-8<\/p>\n<p>MF: C11H14N2S2<\/p>\n<p>Aspecto: Polvo marr\u00f3n amarillento claro<\/p>","protected":false},"featured_media":6483,"template":"","meta":{"_acf_changed":false,"_gspb_post_css":""},"product_brand":[],"product_cat":[62,73],"product_tag":[],"class_list":{"0":"post-6527","1":"product","2":"type-product","3":"status-publish","4":"has-post-thumbnail","6":"product_cat-rubberplastic-ingredients","7":"product_cat-rubber-antioxidant","9":"first","10":"instock","11":"shipping-taxable","12":"product-type-simple"},"acf":[],"_links":{"self":[{"href":"https:\/\/wpachem.com\/es\/wp-json\/wp\/v2\/product\/6527","targetHints":{"allow":["GET"]}}],"collection":[{"href":"https:\/\/wpachem.com\/es\/wp-json\/wp\/v2\/product"}],"about":[{"href":"https:\/\/wpachem.com\/es\/wp-json\/wp\/v2\/types\/product"}],"version-history":[{"count":0,"href":"https:\/\/wpachem.com\/es\/wp-json\/wp\/v2\/product\/6527\/revisions"}],"wp:featuredmedia":[{"embeddable":true,"href":"https:\/\/wpachem.com\/es\/wp-json\/wp\/v2\/media\/6483"}],"wp:attachment":[{"href":"https:\/\/wpachem.com\/es\/wp-json\/wp\/v2\/media?parent=6527"}],"wp:term":[{"taxonomy":"product_brand","embeddable":true,"href":"https:\/\/wpachem.com\/es\/wp-json\/wp\/v2\/product_brand?post=6527"},{"taxonomy":"product_cat","embeddable":true,"href":"https:\/\/wpachem.com\/es\/wp-json\/wp\/v2\/product_cat?post=6527"},{"taxonomy":"product_tag","embeddable":true,"href":"https:\/\/wpachem.com\/es\/wp-json\/wp\/v2\/product_tag?post=6527"}],"curies":[{"name":"wp","href":"https:\/\/api.w.org\/{rel}","templated":true}]}}