{"id":6529,"date":"2024-02-21T07:34:01","date_gmt":"2024-02-21T07:34:01","guid":{"rendered":"https:\/\/wpachem.com\/?post_type=product&#038;p=6529"},"modified":"2024-02-21T07:37:29","modified_gmt":"2024-02-21T07:37:29","slug":"tbsi-cas-3741-80-8-nn-bis13-benzothiazol-2-ylsulfanyl-2-methylpropan-2-amine","status":"publish","type":"product","link":"https:\/\/wpachem.com\/es\/producto\/tbsi-cas-3741-80-8-nn-bis13-benzothiazol-2-ylsulfanyl-2-methylpropan-2-amine\/","title":{"rendered":"TBSI CAS 3741-80-8 N,N-bis(1,3-benzotiazol-2-ilsulfanil)-2-metilpropan-2-amina"},"content":{"rendered":"<p><strong>Caracter\u00edstica<\/strong><\/p>\n<p>S\u00f3lido blanco o blanquecino<\/p>\n<p><strong>Solicitud:<\/strong><\/p>\n<p>Es un coadyuvante de procesamiento ampliamente utilizado en la industria del caucho. Act\u00faa como acelerador de la reticulaci\u00f3n durante el proceso de vulcanizaci\u00f3n de productos de caucho, lo que puede mejorar la velocidad de vulcanizaci\u00f3n y las propiedades f\u00edsicas del caucho, como la resistencia al desgaste y al envejecimiento.<\/p>","protected":false},"excerpt":{"rendered":"<p>Nombre del producto: TBSI<\/p>\n<p>CAS: 3741-80-8<\/p>\n<p>N\u00famero de modelo: C18H17N3S4<\/p>\n<p>Aspecto: S\u00f3lido blanco o blanquecino<\/p>","protected":false},"featured_media":5179,"template":"","meta":{"_acf_changed":false,"_gspb_post_css":""},"product_brand":[],"product_cat":[62,73],"product_tag":[],"class_list":{"0":"post-6529","1":"product","2":"type-product","3":"status-publish","4":"has-post-thumbnail","6":"product_cat-rubberplastic-ingredients","7":"product_cat-rubber-antioxidant","9":"first","10":"instock","11":"shipping-taxable","12":"product-type-simple"},"acf":[],"_links":{"self":[{"href":"https:\/\/wpachem.com\/es\/wp-json\/wp\/v2\/product\/6529","targetHints":{"allow":["GET"]}}],"collection":[{"href":"https:\/\/wpachem.com\/es\/wp-json\/wp\/v2\/product"}],"about":[{"href":"https:\/\/wpachem.com\/es\/wp-json\/wp\/v2\/types\/product"}],"version-history":[{"count":0,"href":"https:\/\/wpachem.com\/es\/wp-json\/wp\/v2\/product\/6529\/revisions"}],"wp:featuredmedia":[{"embeddable":true,"href":"https:\/\/wpachem.com\/es\/wp-json\/wp\/v2\/media\/5179"}],"wp:attachment":[{"href":"https:\/\/wpachem.com\/es\/wp-json\/wp\/v2\/media?parent=6529"}],"wp:term":[{"taxonomy":"product_brand","embeddable":true,"href":"https:\/\/wpachem.com\/es\/wp-json\/wp\/v2\/product_brand?post=6529"},{"taxonomy":"product_cat","embeddable":true,"href":"https:\/\/wpachem.com\/es\/wp-json\/wp\/v2\/product_cat?post=6529"},{"taxonomy":"product_tag","embeddable":true,"href":"https:\/\/wpachem.com\/es\/wp-json\/wp\/v2\/product_tag?post=6529"}],"curies":[{"name":"wp","href":"https:\/\/api.w.org\/{rel}","templated":true}]}}