{"id":6532,"date":"2024-02-21T07:37:44","date_gmt":"2024-02-21T07:37:44","guid":{"rendered":"https:\/\/wpachem.com\/?post_type=product&#038;p=6532"},"modified":"2024-02-21T07:40:35","modified_gmt":"2024-02-21T07:40:35","slug":"zdmcpz-cas-137-30-4-zinc-dimethyldithiocarbamate","status":"publish","type":"product","link":"https:\/\/wpachem.com\/es\/producto\/zdmcpz-cas-137-30-4-zinc-dimethyldithiocarbamate\/","title":{"rendered":"ZDMC (PZ) CAS 137-30-4 Dimetilditiocarbamato de zinc"},"content":{"rendered":"<p><strong>Caracter\u00edstica<\/strong><\/p>\n<p>S\u00f3lido amarillo claro<\/p>\n<p><strong>Solicitud:<\/strong><\/p>\n<p>Utilizado como acelerador de eficacia, tiene buenas propiedades de dispersi\u00f3n en caucho, otorgando a los productos de caucho buenas propiedades mec\u00e1nicas y es adecuado para neum\u00e1ticos, cintas, etc.<\/p>","protected":false},"excerpt":{"rendered":"<p>Nombre del producto: ZDMC(PZ)<\/p>\n<p>CAS\uff1a137-30-4<\/p>\n<p>Frecuencia intermedia: C6H12N2S4Zn1<\/p>\n<p>Apariencia: S\u00f3lido amarillo claro<\/p>","protected":false},"featured_media":6483,"template":"","meta":{"_acf_changed":false,"_gspb_post_css":""},"product_brand":[],"product_cat":[62,73],"product_tag":[],"class_list":{"0":"post-6532","1":"product","2":"type-product","3":"status-publish","4":"has-post-thumbnail","6":"product_cat-rubberplastic-ingredients","7":"product_cat-rubber-antioxidant","9":"first","10":"instock","11":"shipping-taxable","12":"product-type-simple"},"acf":[],"_links":{"self":[{"href":"https:\/\/wpachem.com\/es\/wp-json\/wp\/v2\/product\/6532","targetHints":{"allow":["GET"]}}],"collection":[{"href":"https:\/\/wpachem.com\/es\/wp-json\/wp\/v2\/product"}],"about":[{"href":"https:\/\/wpachem.com\/es\/wp-json\/wp\/v2\/types\/product"}],"version-history":[{"count":0,"href":"https:\/\/wpachem.com\/es\/wp-json\/wp\/v2\/product\/6532\/revisions"}],"wp:featuredmedia":[{"embeddable":true,"href":"https:\/\/wpachem.com\/es\/wp-json\/wp\/v2\/media\/6483"}],"wp:attachment":[{"href":"https:\/\/wpachem.com\/es\/wp-json\/wp\/v2\/media?parent=6532"}],"wp:term":[{"taxonomy":"product_brand","embeddable":true,"href":"https:\/\/wpachem.com\/es\/wp-json\/wp\/v2\/product_brand?post=6532"},{"taxonomy":"product_cat","embeddable":true,"href":"https:\/\/wpachem.com\/es\/wp-json\/wp\/v2\/product_cat?post=6532"},{"taxonomy":"product_tag","embeddable":true,"href":"https:\/\/wpachem.com\/es\/wp-json\/wp\/v2\/product_tag?post=6532"}],"curies":[{"name":"wp","href":"https:\/\/api.w.org\/{rel}","templated":true}]}}